{"id":1727,"date":"2023-04-17T11:34:52","date_gmt":"2023-04-17T11:34:52","guid":{"rendered":"https:\/\/500tradeintal.app\/ota-yhteytta\/"},"modified":"2024-11-12T12:30:05","modified_gmt":"2024-11-12T12:30:05","slug":"ota-yhteytta","status":"publish","type":"page","link":"https:\/\/500tradeintal.app\/fi\/ota-yhteytta\/","title":{"rendered":"Ota meihin yhteytt\u00e4"},"content":{"rendered":"<?xml encoding=\"UTF-8\"><section class=\"gb-container gb-container-b40b5542\">\n<div class=\"gb-container gb-container-bbb0e597\">\n<div class=\"gb-grid-wrapper gb-grid-wrapper-85124ef8\">\n<div class=\"gb-grid-column gb-grid-column-1a0bc7ba\"><div class=\"gb-container gb-container-1a0bc7ba\">\n\n<h1 class=\"gb-headline gb-headline-a7ca03f6 gb-headline-text\"><strong>KW_00001 &amp; Uusin KW_00002 &ndash; Ota yhteytt&auml;<\/strong><\/h1>\n\n\n\n<p class=\"has-text-align-left has-white-color has-text-color\">Olemme t&auml;ysin l&auml;pin&auml;kyv&auml; kaupank&auml;yntisovellus- ja verkkosivustoliiketoiminta ja haluamme tehd&auml; matkastasi <a href=\"https:\/\/500tradeintal.app\/fi\/\">500tradeintal.app<\/a> -sovelluksella mahdollisimman helpon ja miellytt&auml;v&auml;n (puhumattakaan niin tuottoisan). Siksi tarjoamme sinulle aina tavan ottaa yhteytt&auml;. Saatat huomata, ett&auml; muut sivustot ja sovellukset, jotka tekev&auml;t jotain samanlaista kuin KW_00001 eiv&auml;t anna yhteystietoja. Suosittelemme v&auml;ltt&auml;m&auml;&auml;n n&auml;it&auml; sovelluksia, koska ne voivat hyvinkin olla huijauksia. Kaikkien laillisten verkkosivustojen tai sovellusten, jotka osallistuvat kryptovaluuttojen, digitaalisten varojen ja muuntyyppisten omaisuuserien kauppaan, tulee aina antaa t&auml;ydelliset yhteystiedot.<\/p>\n\n\n<div class=\"gb-container gb-container-089a3a2e\">\n\n<a class=\"gb-button gb-button-bf9e740d\" href=\"https:\/\/500tradeintal.app\/fi\/\"><span class=\"gb-icon\"><svg xmlns=\"http:\/\/www.w3.org\/2000\/svg\" viewbox=\"0 0 512.003 512.003\"><path d=\"M351.98 0c-27.296 1.888-59.2 19.36-77.792 42.112-16.96 20.64-30.912 51.296-25.472 81.088 29.824.928 60.64-16.96 78.496-40.096 16.704-21.536 29.344-52 24.768-83.104z\"><\/path><path d=\"M459.852 171.776c-26.208-32.864-63.04-51.936-97.824-51.936-45.92 0-65.344 21.984-97.248 21.984-32.896 0-57.888-21.92-97.6-21.92-39.008 0-80.544 23.84-106.88 64.608-37.024 57.408-30.688 165.344 29.312 257.28 21.472 32.896 50.144 69.888 87.648 70.208 33.376.32 42.784-21.408 88-21.632 45.216-.256 53.792 21.92 87.104 21.568 37.536-.288 67.776-41.28 89.248-74.176 15.392-23.584 21.12-35.456 33.056-62.08-86.816-33.056-100.736-156.512-14.816-203.904z\"><\/path><\/svg><\/span><\/a>\n\n\n\n<a class=\"gb-button gb-button-69ed2c2d\" href=\"https:\/\/500tradeintal.app\/fi\/\"><span class=\"gb-icon\"><svg xmlns=\"http:\/\/www.w3.org\/2000\/svg\" viewbox=\"0 0 553.048 553.048\"><path d=\"M76.774 179.141c-9.529 0-17.614 3.323-24.26 9.969-6.646 6.646-9.97 14.621-9.97 23.929v142.914c0 9.541 3.323 17.619 9.97 24.266 6.646 6.646 14.731 9.97 24.26 9.97 9.522 0 17.558-3.323 24.101-9.97 6.53-6.646 9.804-14.725 9.804-24.266V213.039c0-9.309-3.323-17.283-9.97-23.929-6.647-6.646-14.627-9.969-23.935-9.969zM351.972 50.847L375.57 7.315c1.549-2.882.998-5.092-1.658-6.646-2.883-1.34-5.098-.661-6.646 1.989l-23.928 43.88c-21.055-9.309-43.324-13.972-66.807-13.972-23.488 0-45.759 4.664-66.806 13.972l-23.929-43.88c-1.555-2.65-3.77-3.323-6.646-1.989-2.662 1.561-3.213 3.764-1.658 6.646l23.599 43.532c-23.929 12.203-42.987 29.198-57.167 51.022-14.18 21.836-21.273 45.698-21.273 71.628h307.426c0-25.924-7.094-49.787-21.273-71.628-14.181-21.824-33.129-38.819-56.832-51.022zm-136.433 63.318c-2.552 2.558-5.6 3.831-9.143 3.831-3.55 0-6.536-1.273-8.972-3.831-2.436-2.546-3.654-5.582-3.654-9.137 0-3.543 1.218-6.585 3.654-9.137 2.436-2.546 5.429-3.819 8.972-3.819s6.591 1.273 9.143 3.819c2.546 2.558 3.825 5.594 3.825 9.137-.007 3.549-1.285 6.591-3.825 9.137zm140.086 0c-2.441 2.558-5.434 3.831-8.971 3.831-3.551 0-6.598-1.273-9.145-3.831-2.551-2.546-3.824-5.582-3.824-9.137 0-3.543 1.273-6.585 3.824-9.137 2.547-2.546 5.594-3.819 9.145-3.819 3.543 0 6.529 1.273 8.971 3.819 2.438 2.558 3.654 5.594 3.654 9.137 0 3.549-1.217 6.591-3.654 9.137zM123.971 406.804c0 10.202 3.543 18.838 10.63 25.925 7.093 7.087 15.729 10.63 25.924 10.63h24.596l.337 75.454c0 9.528 3.323 17.619 9.969 24.266s14.627 9.97 23.929 9.97c9.523 0 17.613-3.323 24.26-9.97s9.97-14.737 9.97-24.266v-75.447h45.864v75.447c0 9.528 3.322 17.619 9.969 24.266s14.73 9.97 24.26 9.97c9.523 0 17.613-3.323 24.26-9.97s9.969-14.737 9.969-24.266v-75.447h24.928c9.969 0 18.494-3.544 25.594-10.631 7.086-7.087 10.631-15.723 10.631-25.924V185.45h-305.09v221.354zM476.275 179.141c-9.309 0-17.283 3.274-23.93 9.804-6.646 6.542-9.969 14.578-9.969 24.094v142.914c0 9.541 3.322 17.619 9.969 24.266s14.627 9.97 23.93 9.97c9.523 0 17.613-3.323 24.26-9.97s9.969-14.725 9.969-24.266V213.039c0-9.517-3.322-17.552-9.969-24.094-6.647-6.53-14.737-9.804-24.26-9.804z\"><\/path><\/svg><\/span><\/a>\n\n\n\n<a class=\"gb-button gb-button-5f07eacc\" href=\"https:\/\/500tradeintal.app\/#how-it-works\"><span class=\"gb-icon\"><svg xmlns=\"http:\/\/www.w3.org\/2000\/svg\" aria-hidden=\"true\" role=\"img\" height=\"1em\" width=\"1em\" viewbox=\"0 0 256 512\"><path fill=\"currentColor\" d=\"M224.3 273l-136 136c-9.4 9.4-24.6 9.4-33.9 0l-22.6-22.6c-9.4-9.4-9.4-24.6 0-33.9l96.4-96.4-96.4-96.4c-9.4-9.4-9.4-24.6 0-33.9L54.3 103c9.4-9.4 24.6-9.4 33.9 0l136 136c9.5 9.4 9.5 24.6.1 34z\"><\/path><\/svg><\/span><span class=\"gb-button-text\">Kuinka se toimii<\/span><\/a>\n\n<\/div>\n<\/div><\/div>\n\n<div class=\"gb-grid-column gb-grid-column-fc063dd8\"><div class=\"gb-container gb-container-fc063dd8\">\n\n<p class=\"gb-headline gb-headline-15b94125 gb-headline-text\"><strong>Ota yhteytt&auml; ja ilmainen rekister&ouml;inti<\/strong><\/p>\n\n\n<?xml encoding=\"UTF-8\"><script>\n        localStorage.setItem('fxbot_ab_testing', '{\"login\":[],\"registration\":[],\"contactus\":[]}');\n    <\/script><style>\n        .reCAPTCHAContent {\n            display: none;\n            visibility: hidden;\n        }\n    <\/style><script>\n    localStorage.setItem('fxbot_api_parameters', '[{\"key\":\"emailmarketing\",\"value\":\"1\",\"override\":true},{\"key\":\"funnel\",\"value\":\"KW_F_00001\",\"override\":true}]');\n    localStorage.setItem('fxbot_alias_url', 'wp-content\/plugins\/fxbot-registration-form\/api.php');\n    localStorage.setItem('fxbot_email_marketing', '1');\n    localStorage.setItem('fxbot_email_marketing_debounce', 'true');\n    localStorage.setItem('fxbot_email_marketing_debounce_time', '1000');\n    localStorage.setItem('fxbot_recaptcha_enabled', 'false');\n    localStorage.setItem('fxbot_recaptcha_site_key', 'EMPTY');\n    localStorage.setItem('fxbot_alt_reg_popup_query_selector', '');\n    localStorage.setItem('fxbot_redirectVariant', '0');\n<\/script><div class=\"form-widget\" id=\"optInFormWrapper\">\n    <form action=\"\" class=\"flex flex-column\" data-form=\"optInForm\" data-urlsearchparams=\"\" data-widget=\"registration_2_step\" id=\"opt-form\" method=\"post\" name=\"optInForm\">\n        <div class=\"elementor-field-type-text elementor-field-group elementor-column elementor-field-group-name elementor-col-100 form-group\">\n            <label for=\"form-first_name\" class=\"elementor-field-label elementor-screen-only\">Etunimi<\/label>\n            <input class=\"elementor-field elementor-size-sm  elementor-field-textual regFormFirstName\" placeholder=\"Etunimi\" data-input=\"firstname\" data-valid=\"false\" id=\"form-first_name\" name=\"firstname\" size=\"1\" type=\"text\">\n            <p class=\"error-message\"><\/p>\n        <\/div>\n\n        <div class=\"elementor-field-type-text elementor-field-group elementor-column elementor-field-group-name elementor-col-100 form-group\">\n            <label for=\"form-last_name\" class=\"elementor-field-label elementor-screen-only\">Sukunimi<\/label>\n            <input class=\"elementor-field elementor-size-sm elementor-field-textual regFormLastNname\" placeholder=\"Sukunimi\" data-input=\"lastname\" data-valid=\"false\" id=\"form-last_name\" name=\"lastname\" size=\"1\" type=\"text\">\n            <p class=\"error-message\"><\/p>\n        <\/div>\n\n        <div class=\"form-group elementor-field-type-text elementor-field-group elementor-column elementor-field-group-name elementor-col-100\">\n            <label class=\"elementor-field-label elementor-screen-only\" for=\"form-email\">S&auml;hk&ouml;posti<\/label>\n            <input class=\"regFormEmail elementor-field elementor-size-sm elementor-field-textual\" placeholder=\"S&auml;hk&ouml;posti\" data-input=\"email\" data-valid=\"false\" id=\"form-email\" name=\"email\" type=\"email\">\n            <p class=\"error-message\"><\/p>\n            <div class=\"form-group__emailValid-info\">\n                <span class=\"form-group__emailValid-message\"><span>Tarkoititko<\/span> <b><\/b>?<\/span> <span class=\"form-group__emailValid-btn\">Korvata<\/span>            <\/div>\n        <\/div>\n\n        <p class=\"reCAPTCHAContent\">\n            T&auml;m&auml; sivusto on suojattu reCAPTCHA:lla, ja <a href=\"https:\/\/policies.google.com\/privacy\/fi\/\" target=\"_blank\" rel=\"noopener\">Googlen tietosuojak&auml;yt&auml;nt&ouml;<\/a> ja <a href=\"https:\/\/policies.google.com\/terms\/fi\/\" target=\"_blank\" rel=\"noopener\">k&auml;ytt&ouml;ehdot<\/a> ovat voimassa.        <\/p>\n\n        <button class=\"zoom regFormButton elementor-button elementor-size-sm\" data-button=\"submit\" id=\"optInForm-btn\">\n            Submit        <\/button>\n    <\/form>\n<\/div><div class=\"form-widget\" id=\"regFormWrapper\" style=\"visibility: hidden; width: 0; height:0\">\n    <form action=\"\" class=\"flex flex-column\" data-form=\"registrationForm\" data-urlsearchparams=\"\" data-widget=\"registration_2_step\" id=\"reg-form\" method=\"post\" name=\"registrationForm\">\n        <div class=\"elementor-field-type-text elementor-field-group elementor-column elementor-field-group-name elementor-col-100 form-group\">\n            <label for=\"form-first_name\" class=\"elementor-field-label elementor-screen-only\">Etunimi<\/label>\n            <input class=\"elementor-field elementor-size-sm  elementor-field-textual regFormFirstName\" placeholder=\"Etunimi\" data-input=\"firstname\" data-valid=\"false\" id=\"form-first_name\" name=\"firstname\" size=\"1\" type=\"text\">\n            <p class=\"error-message\"><\/p>\n        <\/div>\n\n        <div class=\"elementor-field-type-text elementor-field-group elementor-column elementor-field-group-name elementor-col-100 form-group\">\n            <label for=\"form-last_name\" class=\"elementor-field-label elementor-screen-only\">Sukunimi<\/label>\n            <input class=\"elementor-field elementor-size-sm elementor-field-textual regFormLastNname\" placeholder=\"Sukunimi\" data-input=\"lastname\" data-valid=\"false\" id=\"form-last_name\" name=\"lastname\" size=\"1\" type=\"text\">\n            <p class=\"error-message\"><\/p>\n        <\/div>\n\n        <div class=\"elementor-field-type-text elementor-field-group elementor-column elementor-field-group-name elementor-col-100 form-group form-group__emailValid\">\n            <label class=\"elementor-field-label elementor-screen-only\" for=\"form-email\">S&auml;hk&ouml;posti<\/label>\n            <input class=\"elementor-field elementor-size-sm elementor-field-textual regFormEmail\" placeholder=\"S&auml;hk&ouml;posti\" data-input=\"email\" data-valid=\"false\" id=\"form-email\" name=\"email\" type=\"email\">\n            <p class=\"error-message\"><\/p>\n            <p class=\"form-group__emailValid-info\">\n                <span class=\"form-group__emailValid-message\"><span>Tarkoititko<\/span> <b><\/b>?<\/span> <span class=\"form-group__emailValid-btn\">Korvata<\/span>            <\/p>\n        <\/div>\n\n        <div class=\"elementor-field-type-tel elementor-field-group elementor-column elementor-field-group-field_fad38fc elementor-col-100 form-group reg-phone\">\n            <label class=\"elementor-field-label elementor-screen-only\" for=\"form-phone_number\">Puhelinnumero<\/label>\n            <input class=\"elementor-field elementor-size-sm elementor-field-textual regFormPhoneNumber\" placeholder=\"Puhelinnumero\" autocompvare=\"off\" data-input=\"phone_number\" data-valid=\"false\" id=\"form-phone_number\" name=\"phone_number\" size=\"1\" type=\"text\">\n            <p class=\"error-message\"><\/p>\n        <\/div>\n\n        <p class=\"reCAPTCHAContent\">\n            T&auml;m&auml; sivusto on suojattu reCAPTCHA:lla, ja <a href=\"https:\/\/policies.google.com\/privacy\/fi\/\" target=\"_blank\" rel=\"noopener\">Googlen tietosuojak&auml;yt&auml;nt&ouml;<\/a> ja <a href=\"https:\/\/policies.google.com\/terms\/fi\/\" target=\"_blank\" rel=\"noopener\">k&auml;ytt&ouml;ehdot<\/a> ovat voimassa.        <\/p>\n\n        <button class=\"elementor-button zoom regFormButton\" data-button=\"submit\" id=\"form-btn\" type=\"button\">\n            Submit        <\/button>\n\n        <div class=\"wrapper__rar-no\" data-modal=\"success\" style=\"display: none\">\n            <div class=\"success\">\n                <img decoding=\"async\" src=\"\/wp-content\/plugins\/fxbot-registration-form\/assets\/images\/regSuccess.png\" alt=\"Kiitos rekister&ouml;innist&auml;\">\n                <p>Kiitos rekister&ouml;innist&auml;.<br>Edustajamme ottaa sinuun yhteytt&auml; pian.<br>Varmista, ett&auml; k&auml;ytit oikeaa puhelinnumeroa.<br>Kippis.<\/p>\n            <\/div>\n        <\/div>\n\n        <div class=\"wrapper__rar-no\" data-modal=\"alternative_success\" style=\"display: none\">\n            <div class=\"success\">\n                <p class=\"reg_title\">\n                    <b>Olet onnistuneesti yhdist&auml;nyt.<\/b>\n                <\/p>\n                <p>Yrityksen edustaja ottaa sinuun pian yhteytt&auml;. Varmista, ett&auml; olet puhelimitse tavoitettavissa, jotta et missaa puhelua.<\/p>\n            <\/div>\n        <\/div>\n\n        <div class=\"wrapper__error\" data-modal=\"error\" style=\"display: none\"><\/div>\n    <\/form>\n<\/div><div class=\"submit-overlay\" style=\"display: none;\">\n    <div class=\"lds-spinner\">\n        <div><\/div>\n        <div><\/div>\n        <div><\/div>\n        <div><\/div>\n        <div><\/div>\n        <div><\/div>\n        <div><\/div>\n        <div><\/div>\n    <\/div>\n    <p class=\"overlay-text\">Yhdist&auml;&auml; sinut alueesi parhaaseen v&auml;litt&auml;j&auml;&auml;n<\/p>\n<\/div>\n\n\n<\/div><\/div>\n<\/div>\n<\/div>\n<\/section><section class=\"gb-container gb-container-084167d6\" id=\"contact\">\n\n<h2 class=\"gb-headline gb-headline-fcc117b2 gb-headline-text\">Yhteydenotto KW_00001 &amp; Uusin KW_00002<\/h2>\n\n\n\n<p class=\"gb-headline gb-headline-594b31dc gb-headline-text\">Voit ottaa yhteytt&auml; auttavaiseen asiakaspalvelutiimiimme l&auml;hett&auml;m&auml;ll&auml; meille viestin yll&auml; olevalla lomakkeella tai s&auml;hk&ouml;postitse. Meill&auml; on t&auml;ysi ja tukeva asiakaspalvelutiimi, joka odottaa auttamaan sinua. Pyrimme aina vastaamaan kaikkiin s&auml;hk&ouml;posteihin mahdollisimman nopeasti.<\/p>\n\n\n<div class=\"gb-grid-wrapper gb-grid-wrapper-247fe301\">\n<div class=\"gb-grid-column gb-grid-column-d2684c79\"><div class=\"gb-container gb-container-d2684c79\">\n<div class=\"gb-container gb-container-1b713891\">\n\n<p class=\"gb-headline gb-headline-af112d2c gb-headline-text\"><strong>Wisma Atria<\/strong><br> <strong>432 Orchard Rd #9,<\/strong><br> <strong>Singapore 248171<\/strong><\/p>\n\n<\/div>\n\n\n<h3 class=\"gb-headline gb-headline-17d35172 gb-headline-text\">Osoite<\/h3>\n\n<\/div><\/div>\n\n<div class=\"gb-grid-column gb-grid-column-6b42f9df\"><div class=\"gb-container gb-container-6b42f9df\">\n<div class=\"gb-container gb-container-069e1c38\">\n\n<p class=\"gb-headline gb-headline-889158b4 gb-headline-text\"><strong>Kirjoita meille k&auml;ytt&auml;m&auml;ll&auml;<\/strong><br> <strong>Yhteydenottolomake<\/strong><\/p>\n\n<\/div>\n\n\n<h3 class=\"gb-headline gb-headline-f289bdd7 gb-headline-text\">Yhteydenottolomake<\/h3>\n\n<\/div><\/div>\n\n<div class=\"gb-grid-column gb-grid-column-0f946ba1\"><div class=\"gb-container gb-container-0f946ba1\">\n<div class=\"gb-container gb-container-f7863b23\">\n\n<p class=\"gb-headline gb-headline-458c9899 gb-headline-text\"><strong>info@500tradeintal.app<\/strong><\/p>\n\n<\/div>\n\n\n<h3 class=\"gb-headline gb-headline-deb3a5e0 gb-headline-text\">S&auml;hk&ouml;postiosoite<\/h3>\n\n<\/div><\/div>\n<\/div>\n<\/section><section class=\"gb-container gb-container-c03ba735\">\n<div class=\"gb-container gb-container-a1bb9635\">\n<div class=\"gb-container gb-container-14cd6d94\">\n\n<figure class=\"wp-block-image size-full is-resized\"><img decoding=\"async\" src=\"https:\/\/500tradeintal.app\/wp-content\/uploads\/2021\/06\/how-it-works.svg\" alt=\"kuinka se toimii\" class=\"wp-image-87\" style=\"width:488px;height:283px\"><\/figure>\n\n<\/div>\n\n<div class=\"gb-container gb-container-f8cdfb46\">\n\n<h2 class=\"gb-headline gb-headline-de39f0ee gb-headline-text\">Teknisi&auml; kysymyksi&auml; ja yleist&auml; tukea varten<\/h2>\n\n\n\n<p class=\"gb-headline gb-headline-fbf2a3aa gb-headline-text\">Yst&auml;v&auml;llinen asiakaspalvelutiimimme on k&auml;ytett&auml;viss&auml;si 24 tuntia vuorokaudessa, 7 p&auml;iv&auml;&auml; viikossa, 365 p&auml;iv&auml;&auml; vuodessa. Siin&auml; harvinaisessa tilanteessa, ett&auml; et saa yhteytt&auml; tiimiimme, voit olla varma, ett&auml; joku vastaa kysymykseesi mahdollisimman nopeasti.<\/p>\n\n\n\n<p class=\"gb-headline gb-headline-9bce5304 gb-headline-text\">Huomaa, ett&auml; asiakastukitiimimme k&auml;sittelee vain teknisi&auml; ja yleisi&auml; tukikysymyksi&auml;. Jos sinulla on kaupank&auml;yntiin liittyvi&auml; kysymyksi&auml;, katso alla olevat tiedot.<\/p>\n\n<\/div>\n<\/div>\n\n<div class=\"gb-container gb-container-f8c181ad\">\n<div class=\"gb-container gb-container-c4df1158\">\n<div class=\"gb-grid-wrapper gb-grid-wrapper-4fa14da7\">\n<div class=\"gb-grid-column gb-grid-column-3762df83\"><div class=\"gb-container gb-container-3762df83\">\n\n<h2 class=\"gb-headline gb-headline-5e30cce2 gb-headline-text\">Kaupank&auml;yntiin liittyviin kysymyksiin<\/h2>\n\n\n\n<p class=\"gb-headline gb-headline-1add6527 gb-headline-text\">Vaikka KW_00001 :n omistautunut asiakastukitiimimme on erikoistunut teknisiin ja tiliin liittyviin kyselyihin, heill&auml; ei ole valmiuksia k&auml;sitell&auml; tiettyj&auml; kaupank&auml;yntikysymyksi&auml;. N&auml;iss&auml; tapauksissa suosittelemme ottamaan yhteytt&auml; m&auml;&auml;r&auml;ttyyn v&auml;litt&auml;j&auml;kumppaniin tai heid&auml;n asiakastukitiimiins&auml;, jotka ovat taitavia tarjoamaan r&auml;&auml;t&auml;l&ouml;ity&auml; kaupank&auml;yntitukea.<\/p>\n\n\n\n<p class=\"gb-headline gb-headline-33cbc8be gb-headline-text\">Jos et ole varma, kuinka ottaa yhteytt&auml; v&auml;litt&auml;j&auml;kumppaniisi, &auml;l&auml; ep&auml;r&ouml;i ottaa yhteytt&auml; KW_00003 -asiakastukeen. Autamme mielell&auml;mme t&auml;m&auml;n yhteyden helpottamiseksi varmistaaksemme, ett&auml; saat tarvitsemasi kattavan kaupank&auml;yntituen.<\/p>\n\n\n\n<a class=\"gb-button gb-button-842dcd05 gb-button-text\" href=\"#\">OTA YHTEYTT&Auml;<\/a>\n\n<\/div><\/div>\n\n<div class=\"gb-grid-column gb-grid-column-80d74143\"><div class=\"gb-container gb-container-80d74143\">\n\n<figure class=\"gb-block-image gb-block-image-7550825e\"><img decoding=\"async\" class=\"gb-image gb-image-7550825e\" src=\"https:\/\/500tradeintal.app\/wp-content\/uploads\/2021\/06\/browse-online.svg\" alt=\"selata verkossa\" title=\"selata verkossa\"><\/figure>\n\n<\/div><\/div>\n<\/div>\n<\/div>\n<\/div>\n<\/section><div class=\"gb-container gb-container-9185afa2\">\n<div class=\"gb-container gb-container-9bd35062\">\n\n<h2 class=\"gb-headline gb-headline-22684678 gb-headline-text\">FAQ<\/h2>\n\n<\/div>\n<\/div><div id=\"rank-math-faq\" class=\"rank-math-block\">\n<div class=\"rank-math-list \">\n<div id=\"faq-question-1685424433091\" class=\"rank-math-list-item\">\n<h3 class=\"rank-math-question \"><strong>Kuinka voin tavoittaa KW_00001 asiakaspalvelutiimin?<\/strong><\/h3>\n<div class=\"rank-math-answer \">\n\n<p>Yhteyden muodostaminen tukitiimiimme osoitteessa KW_00002 on helppoa ja k&auml;tev&auml;&auml;. Voit ottaa meihin yhteytt&auml; eri kanavien kautta: l&auml;het&auml; kyselysi Ota yhteytt&auml; -sivullamme olevalla <a href=\"#\">yhteydenottolomakkeella<\/a> tai l&auml;het&auml; meille <a href=\"#contact\" data-type=\"internal\" data-id=\"#contact\">s&auml;hk&ouml;postia<\/a> . Olemme sitoutuneet tarjoamaan oikea-aikaista apua ja odotamme kuulevamme sinusta.<\/p>\n\n<\/div>\n<\/div>\n<div id=\"faq-question-1685424718310\" class=\"rank-math-list-item\">\n<h3 class=\"rank-math-question \"><strong>Mitk&auml; ovat <strong>KW_00002<\/strong> asiakaspalvelun aukioloajat?<\/strong><\/h3>\n<div class=\"rank-math-answer \">\n\n<p>KW_00003 asiakaspalvelutiimi on valmiina auttamaan sinua maanantaista perjantaihin klo 9.00&ndash;18.00 (UTC+8). Voit kuitenkin olla varma, ett&auml; voit l&auml;hett&auml;&auml; kyselysi milloin tahansa yhteydenottolomakkeemme kautta. Vaikka otamme mielell&auml;mme tiedustelut vastaan &#8203;&#8203;24\/7, huomaa, ett&auml; vastaukset toimitetaan ty&ouml;aikanamme. Arvostamme k&auml;rsiv&auml;llisyytt&auml;si ja vakuutamme, ett&auml; huolesi on meille ensisijainen asia. Vastaamme heti, kun olemme j&auml;lleen yhteydess&auml; verkkoon.<\/p>\n\n<\/div>\n<\/div>\n<div id=\"faq-question-1685425148083\" class=\"rank-math-list-item\">\n<h3 class=\"rank-math-question \"><strong>Mihin minun tulee ottaa yhteytt&auml; kaupank&auml;yntiin liittyviss&auml; kysymyksiss&auml;?<\/strong><\/h3>\n<div class=\"rank-math-answer \">\n\n<p>Sitoutunut asiakastukitiimimme osoitteessa KW_00001 on perehtynyt tiliisi liittyvien teknisten ongelmien ja kyselyiden k&auml;sittelyyn. Tietyiss&auml; kaupank&auml;ynti&auml; koskevissa kysymyksiss&auml; tiimimme ei kuitenkaan ole parhaimmillaan auttamaan. Sen sijaan suosittelemme, ett&auml; t&auml;llaiset tiedustelut ohjataan nime&auml;m&auml;llesi v&auml;litt&auml;j&auml;kumppanillesi tai h&auml;nen asiakaspalvelulleen. Heill&auml; on tarvittava asiantuntemus tarjotakseen sinulle erikoistuneita kaupank&auml;yntiohjeita ja -tukea.<\/p>\n\n<\/div>\n<\/div>\n<div id=\"faq-question-1685425240115\" class=\"rank-math-list-item\">\n<h3 class=\"rank-math-question \">Kuinka kauan kest&auml;&auml; yleens&auml; saada vastaus kyselyyn?<\/h3>\n<div class=\"rank-math-answer \">\n\n<p>Yleens&auml; asiakastukitiimimme osoitteessa KW_00003 pyrkii vastaamaan kyselyihisi 24 tunnin kuluessa. Pyyd&auml;mme kuitenkin yst&auml;v&auml;llisesti ymm&auml;rryst&auml;si, sill&auml; vastausajat voivat pident&auml;&auml; t&auml;t&auml; pitemm&auml;lle loma-aikoina tai suuren kysynn&auml;n aikoina juhlakauden vuoksi. Arvostamme k&auml;rsiv&auml;llisyytt&auml;si ja vakuutamme, ett&auml; jokainen kysely on meille t&auml;rke&auml;, ja pyrimme tarjoamaan kattavat vastaukset mahdollisimman nopeasti.<\/p>\n\n<\/div>\n<\/div>\n<\/div>\n<\/div>\n","protected":false},"excerpt":{"rendered":"<p>Yhteydenotto KW_00001 &amp; Uusin KW_00002 Voit ottaa yhteytt&auml; auttavaiseen asiakaspalvelutiimiimme l&auml;hett&auml;m&auml;ll&auml; meille viestin yll&auml; olevalla lomakkeella tai s&auml;hk&ouml;postitse. Meill&auml; on t&auml;ysi ja tukeva asiakaspalvelutiimi, joka odottaa auttamaan sinua. Pyrimme aina vastaamaan kaikkiin s&auml;hk&ouml;posteihin mahdollisimman nopeasti. Teknisi&auml; kysymyksi&auml; ja yleist&auml; tukea varten Yst&auml;v&auml;llinen asiakaspalvelutiimimme on k&auml;ytett&auml;viss&auml;si 24 tuntia vuorokaudessa, 7 p&auml;iv&auml;&auml; viikossa, 365 p&auml;iv&auml;&auml; vuodessa. Siin&auml; &#8230; <a title=\"Ota meihin yhteytt\u00e4\" class=\"read-more\" href=\"https:\/\/500tradeintal.app\/fi\/ota-yhteytta\/\" aria-label=\"Lue lis\u00e4\u00e4 aiheesta Ota meihin yhteytt\u00e4\">Lue lis\u00e4\u00e4<\/a><\/p>\n","protected":false},"author":1,"featured_media":0,"parent":0,"menu_order":0,"comment_status":"closed","ping_status":"closed","template":"","meta":{"footnotes":""},"class_list":["post-1727","page","type-page","status-publish"],"_links":{"self":[{"href":"https:\/\/500tradeintal.app\/fi\/wp-json\/wp\/v2\/pages\/1727","targetHints":{"allow":["GET"]}}],"collection":[{"href":"https:\/\/500tradeintal.app\/fi\/wp-json\/wp\/v2\/pages"}],"about":[{"href":"https:\/\/500tradeintal.app\/fi\/wp-json\/wp\/v2\/types\/page"}],"author":[{"embeddable":true,"href":"https:\/\/500tradeintal.app\/fi\/wp-json\/wp\/v2\/users\/1"}],"replies":[{"embeddable":true,"href":"https:\/\/500tradeintal.app\/fi\/wp-json\/wp\/v2\/comments?post=1727"}],"version-history":[{"count":4,"href":"https:\/\/500tradeintal.app\/fi\/wp-json\/wp\/v2\/pages\/1727\/revisions"}],"predecessor-version":[{"id":12722,"href":"https:\/\/500tradeintal.app\/fi\/wp-json\/wp\/v2\/pages\/1727\/revisions\/12722"}],"wp:attachment":[{"href":"https:\/\/500tradeintal.app\/fi\/wp-json\/wp\/v2\/media?parent=1727"}],"curies":[{"name":"wp","href":"https:\/\/api.w.org\/{rel}","templated":true}]}}