{"id":2212,"date":"2023-04-17T11:35:33","date_gmt":"2023-04-17T11:35:33","guid":{"rendered":"https:\/\/500tradeintal.app\/ehdot-ja-edellytykset\/"},"modified":"2024-05-10T08:16:29","modified_gmt":"2024-05-10T08:16:29","slug":"ehdot-ja-edellytykset","status":"publish","type":"page","link":"https:\/\/500tradeintal.app\/fi\/ehdot-ja-edellytykset\/","title":{"rendered":"K\u00e4ytt\u00f6ehdot"},"content":{"rendered":"<?xml encoding=\"UTF-8\"><div class=\"gb-container gb-container-d7147663\">\n<div class=\"gb-container gb-container-9a0f286b\">\n\n<p>Viimeksi p&auml;ivitetty: 31. toukokuuta 2023<\/p>\n\n\n\n<h2 class=\"wp-block-heading\"><strong>Johdanto<\/strong><\/h2>\n\n\n\n<p>Tervetuloa KW_00001 :een! K&auml;ytt&auml;m&auml;ll&auml; verkkosivustoamme ja\/tai k&auml;ytt&auml;m&auml;ll&auml; tarjottuja palveluita vahvistat lukeneesi, ymm&auml;rt&auml;neesi k&auml;ytt&ouml;ehtomme ja sitoudut noudattamaan niit&auml;. N&auml;m&auml; k&auml;ytt&ouml;ehdot ulottuvat ehdoitta ja koskevat kaikkia asiaan liittyvi&auml; sovelluksia, Internet-palveluita tai verkkosivustojen laajennuksia. Jos et hyv&auml;ksy kaikkia n&auml;it&auml; ehtoja, et saa k&auml;ytt&auml;&auml; t&auml;t&auml; verkkosivustoa ja voit lopettaa k&auml;yt&ouml;n v&auml;litt&ouml;m&auml;sti. KW_00001 suosittelee, ett&auml; tallennat tai tulostat kopion n&auml;ist&auml; k&auml;ytt&ouml;ehdoista my&ouml;hemp&auml;&auml; k&auml;ytt&ouml;&auml; varten.<\/p>\n\n\n\n<h2 class=\"wp-block-heading\"><strong>Sopimus k&auml;ytt&ouml;ehdoista<\/strong><\/h2>\n\n\n\n<p>T&auml;h&auml;n sopimukseen sis&auml;ltyv&auml;t KW_00001 ehdot (n&auml;m&auml; &rdquo;ehdot&rdquo; tai n&auml;m&auml; &rdquo;ehdot&rdquo;) koskevat t&auml;m&auml;n verkkosivuston ja sen sis&auml;ll&ouml;n k&auml;ytt&ouml;&auml; (jota kutsutaan t&auml;ss&auml; yhteisesti &rdquo;verkkosivustoksi&rdquo;). N&auml;m&auml; ehdot m&auml;&auml;rittelev&auml;t s&auml;&auml;nn&ouml;t ja m&auml;&auml;r&auml;ykset, jotka ohjaavat KW_00001 n k&auml;ytt&ouml;&auml; osoitteessa <a href=\"https:\/\/500tradeintal.app\/fi\/\">https:\/\/ 500tradeintal.app<\/a> . Kaikkia KW_00001 :ss&auml; olevia materiaaleja\/tietoja\/asiakirjoja\/palveluita tai kaikkia muita kokonaisuuksia (jota kutsutaan yhteisesti sis&auml;ll&ouml;ksi) hallinnoidaan n&auml;iden k&auml;ytt&ouml;ehtojen mukaisesti. N&auml;it&auml; ehtoja sovelletaan t&auml;ysim&auml;&auml;r&auml;isesti t&auml;m&auml;n verkkosivuston k&auml;ytt&ouml;&ouml;n, ja t&auml;m&auml;n verkkosivuston k&auml;ytt&ouml; muodostaa nimenomaisen sopimuksen kaikkien t&auml;h&auml;n sis&auml;ltyvien ehtojen kanssa. &Auml;l&auml; jatka t&auml;m&auml;n verkkosivuston k&auml;ytt&ouml;&auml;, jos vastustat mit&auml; tahansa t&auml;ll&auml; sivulla mainittua k&auml;ytt&ouml;ehtoa.<\/p>\n\n\n\n<h2 class=\"wp-block-heading\"><strong>M&auml;&auml;ritelm&auml;t\/Terminologia<\/strong><\/h2>\n\n\n\n<p>Seuraavat m&auml;&auml;ritelm&auml;t koskevat n&auml;it&auml; k&auml;ytt&ouml;ehtoja, tietosuojalausuntoa, vastuuvapauslauseketta ja kaikkia sopimuksia: &rdquo;K&auml;ytt&auml;j&auml;&rdquo;, &rdquo;Vierailija&rdquo;, &rdquo;Asiakas&rdquo;, &rdquo;Asiakas&rdquo;, &rdquo;Sin&auml;&rdquo; ja &rdquo;Sinun&rdquo; viittaavat sinuun, henkil&ouml;ihin. ), jotka k&auml;ytt&auml;v&auml;t t&auml;t&auml; verkkosivustoa. &rdquo; KW_00001 &rdquo;, &rdquo;Me&rdquo;, &rdquo;Meid&auml;n&rdquo; ja &rdquo;Me&rdquo; viittaavat verkkosivustoomme\/yritykseemme. &rdquo;Juhla&rdquo;, &rdquo;Osapuolet&rdquo; tai &rdquo;Me&rdquo; viittaa sek&auml; sinuun ett&auml; meihin. Kaikki ehdot viittaavat kaikkiin KW_00001 :n n&auml;k&ouml;kohtiin, jotka ovat tarpeen tukeakseen sinua nimenomaisessa tarkoituksessa t&auml;ytt&auml;&auml;ksemme Palveluihimme liittyv&auml;t K&auml;ytt&auml;j&auml;tarpeesi sen osavaltion tai maan voimassa olevan lains&auml;&auml;d&auml;nn&ouml;n mukaisesti ja alaisuudessa, jossa <a href=\"https:\/\/500tradeintal.app\/fi\/\">https:\/\/ 500tradeintal.app<\/a> toimii (Singapore). Kaikki n&auml;iden m&auml;&auml;ritelmien tai muun sanaston k&auml;ytt&ouml; yksik&ouml;ss&auml;, monikossa, isoilla kirjaimilla ja\/tai pronominilla ovat kesken&auml;&auml;n vaihdettavissa, mutta viittaavat samaan.<\/p>\n\n\n\n<h2 class=\"wp-block-heading\"><strong>Immateriaalioikeudet<\/strong><\/h2>\n\n\n\n<p>Muun kuin omistamasi ja t&auml;lle verkkosivustolle sis&auml;llytett&auml;v&auml;n sis&auml;ll&ouml;n n&auml;iden ehtojen mukaisesti KW_00001 ja\/tai sen lisenssinantajat omistavat ja pid&auml;tt&auml;v&auml;t kaikki t&auml;m&auml;n verkkosivuston immateriaalioikeudet. Sinulle on my&ouml;nnetty rajoitettu lisenssi n&auml;iden k&auml;ytt&ouml;ehtojen sis&auml;lt&auml;mien rajoitusten mukaisesti t&auml;m&auml;n verkkosivuston sis&auml;ll&ouml;n katselua varten.<\/p>\n\n\n\n<h2 class=\"wp-block-heading\"><strong>Palvelut<\/strong><\/h2>\n\n\n\n<p>T&auml;m&auml;n verkkosivuston sis&auml;lt&ouml;&auml; ei ole tarkoitettu k&auml;ytett&auml;v&auml;ksi tai levitett&auml;v&auml;ksi kenellek&auml;&auml;n henkil&ouml;lle tai yhteis&ouml;lle mill&auml;&auml;n laink&auml;ytt&ouml;alueella, maantieteellisell&auml; paikalla tai maassa\/valtiossa, jossa t&auml;llainen k&auml;ytt&ouml; tai jakelu on lakien ja m&auml;&auml;r&auml;ysten vastaista tai jossa KW_00001 on mink&auml; tahansa rekister&ouml;intimuodon alainen, vaateet, vaatimukset, kulut, velat, vahingot tai kulut.<\/p>\n\n\n\n<p>Verkkosivusto on tarkoitettu k&auml;ytt&auml;jille, jotka ovat v&auml;hint&auml;&auml;n 18-vuotiaita. Jos olet alle 18-vuotias, et voi k&auml;ytt&auml;&auml; tai rekister&ouml;ity&auml; k&auml;ytt&auml;m&auml;&auml;n t&auml;t&auml; verkkosivustoa tai sen palveluita ilman vanhempien lupaa tai suostumusta. Hyv&auml;ksym&auml;ll&auml; n&auml;m&auml; ehdot sinulla on tarvittava oikeuskelpoisuus noudattaa n&auml;it&auml; ehtoja ja sitoa niit&auml;.<\/p>\n\n\n\n<h2 class=\"wp-block-heading\"><strong>Hyv&auml;ksytt&auml;v&auml; k&auml;ytt&ouml;<\/strong><\/h2>\n\n\n\n<p>Voit k&auml;ytt&auml;&auml; t&auml;t&auml; verkkosivustoa n&auml;iden k&auml;ytt&ouml;ehtojen sallimalla tavalla, etk&auml; saa k&auml;ytt&auml;&auml; t&auml;t&auml; verkkosivustoa mihink&auml;&auml;n muuhun tarkoitukseen kuin mihin KW_00001 tarjoaa verkkosivuston ja sen palvelut.<\/p>\n\n\n\n<h2 class=\"wp-block-heading\"><strong>Keksit<\/strong><\/h2>\n\n\n\n<p>KW_00001 k&auml;ytt&auml;&auml; ev&auml;steit&auml;. Vierailemalla verkkosivustollamme hyv&auml;ksyt ev&auml;steiden k&auml;yt&ouml;n ev&auml;stek&auml;yt&auml;nt&ouml;mme mukaisesti.<\/p>\n\n\n\n<p>Interaktiivisen verkkosivustomme optimaalinen toiminnallisuus k&auml;ytt&auml;&auml; ev&auml;steit&auml; k&auml;ytt&auml;j&auml;n tietojen hakemiseen jokaisella vierailulla. Jotkut yhteisty&ouml;kumppaneistamme voivat my&ouml;s k&auml;ytt&auml;&auml; ev&auml;steit&auml;.<\/p>\n\n\n\n<h2 class=\"wp-block-heading\"><strong>Lisenssi<\/strong><\/h2>\n\n\n\n<p>Ellei toisin mainita, KW_00001 ja\/tai sen lisenssinantajat omistavat kaiken KW_00001 n sis&auml;ll&ouml;n immateriaalioikeudet. Kaikki immateriaalioikeudet pid&auml;tet&auml;&auml;n. Voit k&auml;ytt&auml;&auml; mit&auml; tahansa KW_00001 -sivuston sis&auml;lt&ouml;&auml; henkil&ouml;kohtaiseen k&auml;ytt&ouml;&ouml;n n&auml;iss&auml; k&auml;ytt&ouml;ehdoissa asetettujen rajoitusten mukaisesti.<\/p>\n\n\n\n<p>KW_00001 rajoittaa t&auml;ten sinua kaikista seuraavista:<\/p>\n\n\n\n<ol class=\"wp-block-list\">\n<li>KW_00001 sis&auml;ll&ouml;n uudelleenjulkaiseminen miss&auml; tahansa mediassa;<\/li>\n\n\n\n<li>KW_00001 sis&auml;ll&ouml;n j&auml;ljent&auml;minen, monistaminen tai kopioiminen ;<\/li>\n\n\n\n<li>KW_00001 sis&auml;ll&ouml;n myyminen, vuokraaminen, alilisensointi ja\/tai muutoin kaupallistaminen;<\/li>\n\n\n\n<li>mink&auml; tahansa KW_00001 sis&auml;ll&ouml;n julkisesti esitt&auml;minen ja\/tai n&auml;ytt&auml;minen;<\/li>\n\n\n\n<li>T&auml;m&auml;n verkkosivuston k&auml;ytt&auml;minen tavalla, joka on tai ehk&auml; vahingoittaa ja\/tai vaikuttaa k&auml;ytt&auml;j&auml;n p&auml;&auml;syyn t&auml;lle verkkosivustolle;<\/li>\n\n\n\n<li>T&auml;m&auml;n verkkosivuston k&auml;ytt&auml;minen asuinmaasi asiaankuuluvien s&auml;&auml;nt&ouml;jen, lakien ja m&auml;&auml;r&auml;ysten vastaisesti tai tavalla, joka aiheuttaa tai saattaa aiheuttaa vahinkoa verkkosivustolle tai kenelle tahansa henkil&ouml;lle tai liiketoimintayksik&ouml;lle;<\/li>\n\n\n\n<li>Tiedonlouhinnan tai muun vastaavan toiminnan suorittaminen t&auml;h&auml;n verkkosivustoon tai t&auml;m&auml;n verkkosivuston k&auml;yt&ouml;n aikana; ja<\/li>\n\n\n\n<li>T&auml;m&auml;n verkkosivuston k&auml;ytt&auml;minen kaikenlaisen yritysmainonnan tai markkinoinnin harjoittamiseen.<\/li>\n<\/ol>\n\n\n\n<p>T&auml;m&auml;n verkkosivuston tietyt alueet voidaan rajoittaa k&auml;ytt&auml;jien p&auml;&auml;syst&auml;, ja KW_00001 voi edelleen laajentaa t&auml;llaisen rajoituksen koskemaan koko verkkosivustoa milloin tahansa oman harkintansa mukaan. Kaikki t&auml;ll&auml; verkkosivustolla mahdollisesti olevat k&auml;ytt&auml;j&auml;tunnukset, suojausavain tai salasana ovat luottamuksellisia, ja olet vastuussa t&auml;llaisten tietojen luottamuksellisuudesta.<\/p>\n\n\n\n<h2 class=\"wp-block-heading\"><strong>Linkitys- ja hyperlinkkioikeudet<\/strong><\/h2>\n\n\n\n<p>Pid&auml;t&auml;mme oikeuden pyyt&auml;&auml; sinua poistamaan kaikki linkit tai jokin tietty luomasi linkki, joka uudelleenohjaa verkkosivustollemme, ja hyv&auml;ksyt t&auml;llaisten verkkosivustollemme johtavien linkkien poistamisen v&auml;litt&ouml;m&auml;sti pyynn&ouml;st&auml;. Voimme muuttaa n&auml;iden linkitysoikeuksien ehtoja milloin tahansa. Kun linkit&auml;t jatkuvasti verkkosivustoomme, sitoudut noudattamaan t&auml;m&auml;n linkitysk&auml;yt&auml;nn&ouml;n ehtoja.<\/p>\n\n\n\n<p>Ota rohkeasti yhteytt&auml;, jos l&ouml;yd&auml;t verkkosivustoltamme loukkaavan linkin, ja voimme harkita pyynt&ouml;j&auml; poistaa t&auml;llaiset linkit. Emme kuitenkaan ole velvollisia tekem&auml;&auml;n niin tai vastaamaan sinulle suoraan tai v&auml;litt&ouml;m&auml;sti.<\/p>\n\n\n\n<h2 class=\"wp-block-heading\"><strong>Hyperlinkki sis&auml;lt&ouml;&ouml;mme<\/strong><\/h2>\n\n\n\n<p>Organisaatiot, kuten hakukoneet, valtion virastot, uutisorganisaatiot ja online-hakemistot, voivat linkitt&auml;&auml; verkkosivustoomme ilman kirjallista lupaa. Voimme tarkastella muita suosituilta kuluttaja- ja\/tai tietoasiantuntijoilta, hyv&auml;ntekev&auml;isyysj&auml;rjest&ouml;ilt&auml;, &#8203;&#8203;Internet-portaaleilta, oppilaitoksilta, ammattij&auml;rjest&ouml;ilt&auml; ja dot.com-yhteis&ouml;sivustoilta tulevia linkkipyynt&ouml;j&auml;. Kaikkien kiinnostuneiden organisaatioiden on ilmoitettava ja otettava meihin yhteytt&auml; saadaksesi lis&auml;tietoja linkitysk&auml;yt&auml;nn&ouml;st&auml;mme. T&auml;llainen linkitys ei kuitenkaan tarkoita meid&auml;n mink&auml;&auml;nlaista hyv&auml;ksynt&auml;&auml;, sponsorointia, kumppanuutta tai hyv&auml;ksynt&auml;&auml;.<\/p>\n\n\n\n<p>Logomme tai muun suunnittelun immateriaaliomaisuuden k&auml;ytt&ouml; ei ole sallittua linkityksess&auml;, paitsi tavaramerkkilisenssisopimus.<\/p>\n\n\n\n<h2 class=\"wp-block-heading\"><strong>Linkki kolmannen osapuolen sis&auml;lt&ouml;&ouml;n<\/strong><\/h2>\n\n\n\n<p>T&auml;m&auml; verkkosivusto voi sis&auml;lt&auml;&auml; linkkej&auml; kolmansien osapuolien yll&auml;pit&auml;mille verkkosivustoille tai sovelluksille. Huomaa, ett&auml; emme hallitse t&auml;llaisia &#8203;&#8203;kolmannen osapuolen verkkosivustoja tai sovelluksia tai kolmannen osapuolen operaattoria. KW_00001 ei ole vastuussa eik&auml; tue kolmannen osapuolen verkkosivustoja tai sovelluksia tai niiden saatavuutta tai sis&auml;lt&ouml;&auml;.<\/p>\n\n\n\n<p>KW_00001 ei ota vastuuta verkkosivustolla olevista mainoksista. Hyv&auml;ksyt, ett&auml; teet sen omalla riskill&auml;si ostaessasi tavaroita ja\/tai palveluita milt&auml; tahansa sellaiselta kolmannelta osapuolelta. Mainostaja, emme me, on edelleen vastuussa t&auml;llaisista tuotteista ja\/tai palveluista, ja jos sinulla on kysymyksi&auml; tai valituksia niist&auml;, sinun tulee ottaa yhteytt&auml; mainostajaan.<\/p>\n\n\n\n<h2 class=\"wp-block-heading\"><strong>K&auml;ytt&auml;j&auml;n sis&auml;lt&ouml;<\/strong><\/h2>\n\n\n\n<p>N&auml;iss&auml; verkkosivuston vakioehdoissa &rdquo;K&auml;ytt&auml;j&auml;sis&auml;lt&ouml;&rdquo; tarkoittaa mit&auml; tahansa &auml;&auml;nt&auml;, videota, teksti&auml;, kuvia tai muuta materiaalia tai sis&auml;lt&ouml;&auml;, jonka p&auml;&auml;t&auml;t n&auml;ytt&auml;&auml; t&auml;ll&auml; verkkosivustolla. Mit&auml; tulee k&auml;ytt&auml;j&auml;sis&auml;lt&ouml;&ouml;n, n&auml;ytt&auml;m&auml;ll&auml; sit&auml; annat KW_00001 ei-yksinomaisen, maailmanlaajuisen, peruuttamattoman, rojaltivapaan, alilisensoitavan lisenssin k&auml;ytt&auml;&auml;, j&auml;ljent&auml;&auml;, mukauttaa, julkaista, k&auml;&auml;nt&auml;&auml; ja jakaa sit&auml; miss&auml; tahansa mediassa.<\/p>\n\n\n\n<p>K&auml;ytt&auml;j&auml;sis&auml;ll&ouml;n tulee olla omaa, eik&auml; se saa loukata mink&auml;&auml;n kolmannen osapuolen oikeuksia. KW_00001 pid&auml;tt&auml;&auml; oikeuden poistaa sis&auml;lt&ouml;si t&auml;lt&auml; verkkosivustolta milloin tahansa ilman erillist&auml; ilmoitusta.<\/p>\n\n\n\n<p>KW_00001 saa valvoa toimintaasi verkkosivustolla ja poistaa kaiken k&auml;ytt&auml;j&auml;n sis&auml;ll&ouml;n, jota pidet&auml;&auml;n sopimattomana, loukkaavana, sovellettavien lakien ja m&auml;&auml;r&auml;ysten vastaisena tai aiheuttaa n&auml;iden k&auml;ytt&ouml;ehtojen rikkomisen.<\/p>\n\n\n\n<p>Takuut ja vakuutat, ett&auml;:<\/p>\n\n\n\n<ol class=\"wp-block-list\">\n<li>Sinulla on oikeus ladata\/sy&ouml;tt&auml;&auml;\/julkaista sis&auml;lt&ouml;&auml; verkkosivustollamme ja sinulla on siihen tarvittava oikeuskelpoisuus, lisenssi tai suostumus;<\/li>\n\n\n\n<li>Sis&auml;ll&ouml;si ei loukkaa immateriaalioikeuksia, mukaan lukien rajoituksetta mink&auml;&auml;n kolmannen osapuolen tekij&auml;noikeus, patentti tai tavaramerkki;<\/li>\n\n\n\n<li>Sis&auml;lt&ouml;si on totta, tarkkaa, ajantasaista, t&auml;ydellist&auml; ja liittyy sinuun eik&auml; kolmatta osapuoleen.<\/li>\n\n\n\n<li>Sis&auml;lt&ouml;si ei sis&auml;ll&auml; herjaavaa, herjaavaa, loukkaavaa, moraalitonta tai muuten laitonta materiaalia, joka loukkaa yksityisyytt&auml;; ja<\/li>\n\n\n\n<li>Sis&auml;lt&ouml;&auml; ei k&auml;ytet&auml; kaupallisen toiminnan tai laittoman toiminnan houkuttelemiseen tai edist&auml;miseen.<\/li>\n<\/ol>\n\n\n\n<p>My&ouml;nn&auml;t nyt KW_00001 ei-yksinomaisen lisenssin k&auml;ytt&auml;&auml;, j&auml;ljent&auml;&auml;, muokata ja valtuuttaa muut, jotka olemme hyv&auml;ksyneet, k&auml;ytt&auml;m&auml;&auml;n, j&auml;ljent&auml;m&auml;&auml;n ja muokkaamaan mit&auml; tahansa sis&auml;lt&ouml;&auml;si miss&auml; tahansa muodossa, muodossa tai mediassa.<\/p>\n\n\n\n<h2 class=\"wp-block-heading\"><strong>Tietosuojak&auml;yt&auml;nt&ouml;<\/strong><\/h2>\n\n\n\n<p>K&auml;ytt&auml;m&auml;ll&auml; t&auml;t&auml; verkkosivustoa ja sen palveluita voit antaa meille tiettyj&auml; henkil&ouml;kohtaisia &#8203;&#8203;tietoja. K&auml;ytt&auml;m&auml;ll&auml; KW_00001 tai sen palveluita annat meille luvan k&auml;ytt&auml;&auml; tietojasi miss&auml; tahansa maassa tai osavaltiossa, jossa toimimme. Varaamme oikeuden k&auml;ytt&auml;&auml; n&auml;it&auml; tietoja parantaaksemme k&auml;ytt&ouml;kokemustasi ja helpottaaksemme postitusta ja liikennett&auml; sek&auml; markkina-analytiikkaa.<\/p>\n\n\n\n<p>Kun k&auml;yt&auml;t t&auml;t&auml; verkkosivustoa, KW_00001 palvelimille tallennetaan erityisi&auml; tietoja K&auml;ytt&auml;j&auml;st&auml;, kuten IP-osoitteet, sivuston navigointi, k&auml;ytt&auml;j&auml;ohjelmistot ja selausaika sek&auml; muut vastaavat tiedot. Tietoja heid&auml;n henkil&ouml;llisyydest&auml;&auml;n, kuten nimi, osoite, yhteystiedot, laskutustiedot ja muut t&auml;lle verkkosivustolle tallennetut tiedot, k&auml;ytet&auml;&auml;n ehdottomasti vain tilastollisiin tarkoituksiin, eik&auml; niit&auml; julkaista yleiseen k&auml;ytt&ouml;&ouml;n. KW_00001 ei kuitenkaan ota vastuuta n&auml;iden tietojen turvallisuudesta.<\/p>\n\n\n\n<h2 class=\"wp-block-heading\"><strong>Vastuuvapauslausekkeet\/Takuut\/Vastuurajoitukset<\/strong><\/h2>\n\n\n\n<p>KW_00001 -verkkosivusto tarjotaan &rdquo;sellaisenaan&rdquo; ja kaikki vastuut, eik&auml; KW_00001 anna mink&auml;&auml;nlaisia &#8203;&#8203;nimenomaisia &#8203;&#8203;tai oletettuja sitoumuksia, esityksi&auml; tai takuita, jotka liittyv&auml;t t&auml;h&auml;n verkkosivustoon tai t&auml;m&auml;n verkkosivuston sis&auml;lt&ouml;&ouml;n.<\/p>\n\n\n\n<p>KW_00001 ei anna mink&auml;&auml;nlaisia &#8203;&#8203;suosituksia, takuita tai esityksi&auml; t&auml;llaisen sis&auml;ll&ouml;n tarkkuudesta, luotettavuudesta, asiantuntemuksesta tai t&auml;ydellisyydest&auml;. Hyv&auml;ksyt, ett&auml; t&auml;llaiseen sis&auml;lt&ouml;&ouml;n luottaminen on k&auml;ytt&auml;j&auml;n vastuulla. KW_00001 muuttaa, lis&auml;&auml;, muuttaa, parantaa tai p&auml;ivitt&auml;&auml; s&auml;&auml;nn&ouml;llisesti t&auml;m&auml;n verkkosivuston suostumusta ennakkoilmoituksella tai ilman sit&auml;. KW_00001 ei ole miss&auml;&auml;n olosuhteissa vastuussa t&auml;m&auml;n verkkosivuston k&auml;yt&ouml;st&auml; aiheutuneista menetyksist&auml;, vahingoista, vammoista, vastuuvelvollisuuksista tai kuluista, mukaan lukien rajoituksetta mik&auml; tahansa vika, virhe, laiminly&ouml;nti, v&auml;litys, viiv&auml;styminen, ep&auml;onnistuminen, keskeytys, poistaminen , muutos, h&auml;iri&ouml;, lopettaminen tai tunkeutuminen meid&auml;n, tyt&auml;ryhti&ouml;idemme tai mink&auml; tahansa kolmannen osapuolen t&auml;llaiseen k&auml;ytt&ouml;&ouml;n. 500tradeintal.app tai mik&auml;&auml;n sen kumppaneista ja tyt&auml;ryhti&ouml;ist&auml; ei ole miss&auml;&auml;n olosuhteissa vastuussa suorista, ep&auml;suorista, v&auml;lillisist&auml;, satunnaisista tai erityisist&auml; vahingoista, vaikka 500tradeintal.app olisi neuvottu t&auml;llaisten vahinkojen riskist&auml; tai mahdollisuudesta. K&auml;ytt&auml;j&auml; hyv&auml;ksyy, ett&auml; 500tradeintal.app ei ole vastuussa mist&auml;&auml;n K&auml;ytt&auml;j&auml;n k&auml;yt&ouml;ksest&auml;, joka johtuu t&auml;m&auml;n verkkosivuston k&auml;yt&ouml;st&auml;. T&auml;m&auml;n seurauksena t&auml;m&auml;n verkkosivuston ja kaiken tai sen sis&auml;ll&ouml;n k&auml;ytt&ouml; on k&auml;ytt&auml;j&auml;n yksinomaisella vastuulla.<\/p>\n\n\n\n<p>Miss&auml;&auml;n tapauksessa KW_00001 tai sen virkailijat, johtajat, ty&ouml;ntekij&auml;t tai tyt&auml;ryhti&ouml;t eiv&auml;t ole vastuussa mist&auml;&auml;n menetyksist&auml;, vammoista tai vahingoista, jotka johtuvat t&auml;m&auml;n verkkosivuston k&auml;yt&ouml;st&auml; riippumatta siit&auml;, onko sopimus, vahingonkorvausvelvollisuus tai muu, ja KW_00001 , mukaan lukien sen virkailijat, johtajat, ty&ouml;ntekij&auml;t ja tyt&auml;ryhti&ouml;t, eiv&auml;t ole vastuussa mist&auml;&auml;n v&auml;lillisist&auml;, v&auml;lillisist&auml; tai erityisist&auml; vastuista, jotka johtuvat t&auml;m&auml;n verkkosivuston k&auml;yt&ouml;st&auml;.<\/p>\n\n\n\n<h2 class=\"wp-block-heading\"><strong>Korvaus<\/strong><\/h2>\n\n\n\n<p>T&auml;m&auml;n verkkosivuston k&auml;yt&ouml;n ehtona K&auml;ytt&auml;j&auml; sitoutuu korvaamaan KW_00001 ja sen tyt&auml;ryhti&ouml;t t&auml;ysim&auml;&auml;r&auml;isesti kaikista toimista, vaatimuksista, vastuista, menetyksist&auml;, vahingoista, kustannuksista, vaatimuksista ja kuluista (mukaan lukien kohtuulliset asianajopalkkiot) jotka johtuvat K&auml;ytt&auml;j&auml;n t&auml;m&auml;n verkkosivuston k&auml;yt&ouml;st&auml;, mukaan lukien rajoituksetta kaikki vaatimukset, jotka liittyv&auml;t n&auml;iden k&auml;ytt&ouml;ehtojen m&auml;&auml;r&auml;ysten rikkomiseen. Jos k&auml;ytt&auml;j&auml; on tyytym&auml;t&ouml;n johonkin tai kaikkiin t&auml;m&auml;n verkkosivuston sis&auml;lt&ouml;&ouml;n tai mihin tahansa tai kaikkiin sen k&auml;ytt&ouml;ehtoihin, h&auml;n voi lopettaa t&auml;m&auml;n verkkosivuston k&auml;yt&ouml;n.<\/p>\n\n\n\n<h2 class=\"wp-block-heading\"><strong>Irtisanominen<\/strong><\/h2>\n\n\n\n<p>N&auml;iden k&auml;ytt&ouml;ehtojen m&auml;&auml;r&auml;ykset ovat t&auml;ysin voimassa, kun k&auml;yt&auml;t KW_00001 t&auml; tai sen palveluita. K&auml;ytt&auml;j&auml;t voivat lopettaa k&auml;ytt&ouml;ns&auml; noudattamalla tilisi asetuksissa olevia k&auml;ytt&auml;j&auml;tilien lopettamisohjeita tai ottamalla meihin yhteytt&auml; osoitteeseen info@500tradeintal.app .<\/p>\n\n\n\n<p>Pid&auml;t&auml;mme oikeuden ja oman harkintansa mukaan ja ilman erillist&auml; ilmoitusta tai vastuuta kielt&auml;&auml; p&auml;&auml;sy verkkosivustolle ja sen k&auml;ytt&ouml; (mukaan lukien tiettyjen IP-osoitteiden est&auml;minen) kaikilta k&auml;ytt&auml;jilt&auml; mist&auml; tahansa syyst&auml;, mukaan lukien, mutta ei rajoittuen, mink&auml; tahansa esityksen, takuun tai sopimuksen rikkominen. n&auml;iss&auml; Ehdoissa tai miss&auml; tahansa sovellettavassa laissa tai m&auml;&auml;r&auml;yksess&auml;.<\/p>\n\n\n\n<p>Varaamme my&ouml;s oikeuden lopettaa verkkosivuston ja sen palvelujen k&auml;ytt&ouml;, jos oman harkintamme mukaan toteamme, ett&auml; verkkosivuston tai sen palvelujen k&auml;ytt&ouml; on vastoin n&auml;it&auml; ehtoja tai soveltuvia lakeja tai m&auml;&auml;r&auml;yksi&auml;. tai poista tilisi ja jokin tai kaikki sis&auml;lt&ouml;si ilman varoitusta tai ennakkoilmoitusta. Oletetaan, ett&auml; lopetamme tai j&auml;&auml;dyt&auml;mme tilisi mist&auml; tahansa t&auml;ss&auml; osiossa mainitusta syyst&auml;. Siin&auml; tapauksessa sinua ei saa rekister&ouml;ity&auml; ja luoda uutta tili&auml; omalla nimell&auml;si tai v&auml;&auml;r&auml;ll&auml; henkil&ouml;llisyydell&auml; tai kolmannen osapuolen ilmauksella. Tilisi sulkemisen tai j&auml;&auml;dytt&auml;misen lis&auml;ksi KW_00001 varaa oikeuden ryhty&auml; asianmukaisiin oikeudellisiin toimiin, mukaan lukien rajoituksetta siviili-, rikos- ja kieltom&auml;&auml;r&auml;ysten hakeminen.<\/p>\n\n\n\n<h2 class=\"wp-block-heading\"><strong>Yleiset m&auml;&auml;r&auml;ykset<\/strong><\/h2>\n\n\n\n<h3 class=\"wp-block-heading\"><strong>Kieli<\/strong><\/h3>\n\n\n\n<p>Kaikki t&auml;m&auml;n sopimuksen mukainen kirjeenvaihto tapahtuu englanniksi.<\/p>\n\n\n\n<h3 class=\"wp-block-heading\"><strong>Sovellettava laki ja toimivalta<\/strong><\/h3>\n\n\n\n<p>T&auml;m&auml;n verkkosivuston ehtoja s&auml;&auml;telev&auml;t ja tulkitaan sen maan tai osavaltion lait, jossa KW_00001 toimii. T&auml;ten alistut ehdoitta Singaporessa sijaitsevien tuomioistuinten ei-yksinomaiseen toimivaltaan mahdollisten riitojen ratkaisemiseksi.<\/p>\n\n\n\n<h3 class=\"wp-block-heading\"><strong>Erotettavuus<\/strong><\/h3>\n\n\n\n<p>Oletetaan, ett&auml; jokin ehdoista osoittautuu t&auml;yt&auml;nt&ouml;&ouml;npanokelvottomaksi tai mit&auml;tt&ouml;m&auml;ksi jonkin sovellettavan lain mukaan. Siin&auml; tapauksessa t&auml;m&auml; ei tee n&auml;ist&auml; ehdoista kokonaisuudessaan t&auml;yt&auml;nt&ouml;&ouml;npanokelvottomia tai p&auml;tem&auml;tt&ouml;mi&auml;. T&auml;m&auml;n seurauksena kaikki t&auml;llaiset s&auml;&auml;nn&ouml;kset poistetaan vaikuttamatta t&auml;m&auml;n s&auml;&auml;nn&ouml;ksen muihin s&auml;&auml;nn&ouml;ksiin. N&auml;iden k&auml;ytt&ouml;ehtojen lainvastaiset, mit&auml;tt&ouml;m&auml;t tai t&auml;yt&auml;nt&ouml;&ouml;npanokelvottomat m&auml;&auml;r&auml;ykset katsotaan erotettavissa n&auml;ist&auml; ehdoista, eiv&auml;tk&auml; ne vaikuta muiden ehtojen voimassaoloon ja t&auml;yt&auml;nt&ouml;&ouml;npanokelpoisuuteen.<\/p>\n\n\n\n<h3 class=\"wp-block-heading\"><strong>Ehtojen vaihtelu<\/strong><\/h3>\n\n\n\n<p>KW_00001 pid&auml;tt&auml;&auml; oikeuden muuttaa n&auml;it&auml; ehtoja milloin tahansa parhaaksi katsomallaan tavalla. K&auml;ytt&auml;m&auml;ll&auml; KW_00001 :t&auml; sinun odotetaan tarkistavan kyseiset ehdot s&auml;&auml;nn&ouml;llisesti varmistaaksesi, ett&auml; ymm&auml;rr&auml;t kaikki t&auml;m&auml;n verkkosivuston k&auml;ytt&ouml;&auml; koskevat ehdot.<\/p>\n\n\n\n<h3 class=\"wp-block-heading\"><strong>Teht&auml;v&auml;<\/strong><\/h3>\n\n\n\n<p>KW_00001 varaa oikeuden siirt&auml;&auml;, siirt&auml;&auml; ja alihankinta t&auml;m&auml;n sopimuksen mukaiset oikeutensa ja\/tai velvollisuutensa ilman ennakkoilmoitusta tai suostumusta. K&auml;ytt&auml;jill&auml; ei ole lupaa siirt&auml;&auml;, siirt&auml;&auml; tai tehd&auml; alihankintana mit&auml;&auml;n n&auml;iden Ehtojen mukaisia &#8203;&#8203;oikeuksiasi ja\/tai velvollisuuksiasi. Lis&auml;ksi henkil&ouml;ll&auml;, joka ei ole n&auml;iden Ehtojen osapuoli, ei ole oikeutta panna t&auml;yt&auml;nt&ouml;&ouml;n mit&auml;&auml;n niiden sis&auml;lt&auml;mi&auml; ehtoja.<\/p>\n\n\n\n<h3 class=\"wp-block-heading\"><strong>Immuniteettien s&auml;ilytt&auml;minen<\/strong><\/h3>\n\n\n\n<p>Mik&auml;&auml;n t&auml;ss&auml; ei rajoita KW_00001 :n erioikeuksia ja vapauksia, jotka on erityisesti varattu.<\/p>\n\n\n\n<h3 class=\"wp-block-heading\"><strong>Luopuminen<\/strong><\/h3>\n\n\n\n<p>Se, ett&auml; emme k&auml;yt&auml; jotakin tai kaikkia n&auml;iden k&auml;ytt&ouml;ehtojen m&auml;&auml;r&auml;yksi&auml; milloin tahansa, ei tarkoita luopumista t&auml;llaisesta oikeudesta tai m&auml;&auml;r&auml;yksest&auml;.<\/p>\n\n\n\n<h3 class=\"wp-block-heading\"><strong>Koko sopimus<\/strong><\/h3>\n\n\n\n<p>N&auml;m&auml; ehdot, mukaan lukien kaikki t&auml;ll&auml; verkkosivustolla olevat oikeudelliset huomautukset ja vastuuvapauslausekkeet, muodostavat koko sopimuksen KW_00001 ja sinun v&auml;lill&auml;, joka koskee t&auml;m&auml;n verkkosivuston k&auml;ytt&ouml;&auml;. Viime k&auml;dess&auml; t&auml;m&auml; sopimus korvaa kaikki aiemmat sit&auml; koskevat sopimukset ja yhteisymm&auml;rrykset.<\/p>\n\n\n\n<h2 class=\"wp-block-heading\"><strong>Ota meihin yhteytt&auml;<\/strong><\/h2>\n\n\n\n<p>Ratkaistaksesi t&auml;m&auml;n verkkosivuston tai sen palvelujen k&auml;ytt&ouml;&auml; koskevat valitukset tai selvennykset tai saadaksesi tietoja siit&auml;, ota meihin yhteytt&auml; osoitteeseen info@500tradeintal.app .<\/p>\n\n<\/div>\n<\/div>\n","protected":false},"excerpt":{"rendered":"<p>Viimeksi p&auml;ivitetty: 31. toukokuuta 2023 Johdanto Tervetuloa KW_00001 :een! K&auml;ytt&auml;m&auml;ll&auml; verkkosivustoamme ja\/tai k&auml;ytt&auml;m&auml;ll&auml; tarjottuja palveluita vahvistat lukeneesi, ymm&auml;rt&auml;neesi k&auml;ytt&ouml;ehtomme ja sitoudut noudattamaan niit&auml;. N&auml;m&auml; k&auml;ytt&ouml;ehdot ulottuvat ehdoitta ja koskevat kaikkia asiaan liittyvi&auml; sovelluksia, Internet-palveluita tai verkkosivustojen laajennuksia. Jos et hyv&auml;ksy kaikkia n&auml;it&auml; ehtoja, et saa k&auml;ytt&auml;&auml; t&auml;t&auml; verkkosivustoa ja voit lopettaa k&auml;yt&ouml;n v&auml;litt&ouml;m&auml;sti. KW_00001 suosittelee, &#8230; <a title=\"K\u00e4ytt\u00f6ehdot\" class=\"read-more\" href=\"https:\/\/500tradeintal.app\/fi\/ehdot-ja-edellytykset\/\" aria-label=\"Lue lis\u00e4\u00e4 aiheesta K\u00e4ytt\u00f6ehdot\">Lue lis\u00e4\u00e4<\/a><\/p>\n","protected":false},"author":1,"featured_media":0,"parent":0,"menu_order":0,"comment_status":"closed","ping_status":"closed","template":"","meta":{"footnotes":""},"class_list":["post-2212","page","type-page","status-publish"],"_links":{"self":[{"href":"https:\/\/500tradeintal.app\/fi\/wp-json\/wp\/v2\/pages\/2212","targetHints":{"allow":["GET"]}}],"collection":[{"href":"https:\/\/500tradeintal.app\/fi\/wp-json\/wp\/v2\/pages"}],"about":[{"href":"https:\/\/500tradeintal.app\/fi\/wp-json\/wp\/v2\/types\/page"}],"author":[{"embeddable":true,"href":"https:\/\/500tradeintal.app\/fi\/wp-json\/wp\/v2\/users\/1"}],"replies":[{"embeddable":true,"href":"https:\/\/500tradeintal.app\/fi\/wp-json\/wp\/v2\/comments?post=2212"}],"version-history":[{"count":2,"href":"https:\/\/500tradeintal.app\/fi\/wp-json\/wp\/v2\/pages\/2212\/revisions"}],"predecessor-version":[{"id":10729,"href":"https:\/\/500tradeintal.app\/fi\/wp-json\/wp\/v2\/pages\/2212\/revisions\/10729"}],"wp:attachment":[{"href":"https:\/\/500tradeintal.app\/fi\/wp-json\/wp\/v2\/media?parent=2212"}],"curies":[{"name":"wp","href":"https:\/\/api.w.org\/{rel}","templated":true}]}}