{"id":2024,"date":"2023-05-30T07:20:10","date_gmt":"2023-05-30T07:20:10","guid":{"rendered":"https:\/\/500tradeintal.app\/oswiadczenie\/"},"modified":"2024-05-10T08:15:00","modified_gmt":"2024-05-10T08:15:00","slug":"oswiadczenie","status":"publish","type":"page","link":"https:\/\/500tradeintal.app\/pl\/oswiadczenie\/","title":{"rendered":"Zastrze\u017cenie"},"content":{"rendered":"<?xml encoding=\"UTF-8\"><div class=\"gb-container gb-container-fcc97f62\">\n<div class=\"gb-container gb-container-272e038d\">\n\n<p>Ostatnia aktualizacja: 31 maja 2023 r<\/p>\n\n\n\n<p>Dzi&#281;kujemy za odwiedzenie KW_00001 .<\/p>\n\n\n\n<p>Niniejsze wy&#322;&#261;czenie odpowiedzialno&#347;ci (&bdquo;Zastrze&#380;enie&rdquo;) stanowi prawnie wi&#261;&#380;&#261;c&#261; umow&#281; pomi&#281;dzy Tob&#261; (&bdquo;u&#380;ytkownik&rdquo;, &bdquo;go&#347;&#263;&rdquo;, &bdquo;Ty&rdquo; lub &bdquo;Tw&oacute;j&rdquo;) a t&#261; witryn&#261; (&bdquo;my&rdquo;, &bdquo;nasz&rdquo; lub &bdquo;nas&rdquo;). Okre&#347;la og&oacute;lne wytyczne, ujawnienia i warunki korzystania z tej <a href=\"https:\/\/500tradeintal.app\/pl\/\">https:\/\/500tradeintal.app\/<\/a> strony internetowej (&bdquo;strona internetowa&rdquo;, &bdquo;us&#322;ugi&rdquo;, &bdquo;produkty&rdquo;, &bdquo;informacje&rdquo; lub &bdquo;tre&#347;&#263;&rdquo;) obs&#322;ugiwanej przez <a href=\"https:\/\/500tradeintal.app\/pl\/\">https:\/\/500tradeintal.app\/<\/a> .<\/p>\n\n\n\n<p>Przed dalszym korzystaniem z tej witryny prosimy o uwa&#380;ne przeczytanie niniejszego zastrze&#380;enia. Nie wchod&#378; na t&#281; witryn&#281; i nie korzystaj z niej, je&#347;li nie zgadzasz si&#281; z warunkami niniejszego zastrze&#380;enia. Korzystaj&#261;c z tej witryny lub jej us&#322;ug, potwierdzasz, &#380;e dok&#322;adnie przeczyta&#322;e&#347; i zrozumia&#322;e&#347; warunki niniejszego zastrze&#380;enia i niniejszym wyra&#380;asz zgod&#281; na jego przestrzeganie.<\/p>\n\n\n\n<p>Informacje lub tre&#347;ci wy&#347;wietlane na tej stronie stanowi&#261; w&#322;asno&#347;&#263; intelektualn&#261; firmy KW_00001 . Nie mo&#380;esz ponownie wykorzystywa&#263;, ponownie publikowa&#263; ani przedrukowywa&#263; takich informacji lub tre&#347;ci bez naszej zgody.<\/p>\n\n\n\n<p>Wszystkie informacje lub tre&#347;ci zawarte na tej stronie internetowej s&#261; publikowane w dobrej wierze i wy&#322;&#261;cznie w celach informacyjnych i edukacyjnych. Nie maj&#261; one w &#380;adnym wypadku zast&#281;powa&#263; profesjonalnej porady. Nasza strona internetowa jest udost&#281;pniana w stanie &bdquo;takim, jakim jest&rdquo; i KW_00001 nie sk&#322;ada &#380;adnych o&#347;wiadcze&#324; ani zapewnie&#324; w jakiejkolwiek formie, wyra&#378;nych lub dorozumianych, co do kompletno&#347;ci, aktualno&#347;ci, niezawodno&#347;ci, dost&#281;pno&#347;ci, wa&#380;no&#347;ci, przydatno&#347;ci i dok&#322;adno&#347;ci, lub gwarantujemy, &#380;e nie b&#281;dzie &#380;adnych strat, b&#322;&#281;d&oacute;w i pomini&#281;&#263; w odniesieniu do informacji lub tre&#347;ci zawartych na tej stronie internetowej. Wszelkie dzia&#322;ania podejmowane w oparciu o takie informacje lub tre&#347;ci zawarte na tej stronie <a href=\"https:\/\/500tradeintal.app\/pl\/\">https:\/\/500tradeintal.app\/<\/a> s&#261; podejmowane wy&#322;&#261;cznie na w&#322;asne ryzyko.<\/p>\n\n\n\n<p>W rezultacie KW_00001 , jej partnerzy, pracownicy lub agenci nie b&#281;d&#261; ponosi&#263; odpowiedzialno&#347;ci za jakiekolwiek straty lub szkody wynikaj&#261;ce z korzystania z naszej strony internetowej, polegania na niej i odwo&#322;ywania si&#281; do niej, w tym mi&#281;dzy innymi za wszelkie szczeg&oacute;lne lub przypadkowe, bezpo&#347;rednie lub po&#347;rednie oraz jakiekolwiek straty lub szkody o charakterze karnym lub nast&#281;pczym.<\/p>\n\n\n\n<p>W KW_00001 dok&#322;adamy wszelkich stara&#324;, aby strona dzia&#322;a&#322;a sprawnie. Jednak&#380;e nie ponosimy &#380;adnej odpowiedzialno&#347;ci prawnej i nie b&#281;dziemy ponosi&#263; odpowiedzialno&#347;ci, je&#347;li strona internetowa b&#281;dzie chwilowo niedost&#281;pna lub b&#281;dzie niedost&#281;pna z powodu usterek technicznych, na kt&oacute;re nie mamy wp&#322;ywu.<\/p>\n\n\n\n<h2 class=\"wp-block-heading\"><strong><strong>Zastrze&#380;enie dotycz&#261;ce link&oacute;w zewn&#281;trznych<\/strong><\/strong><\/h2>\n\n\n\n<p>Za po&#347;rednictwem naszej witryny mo&#380;esz skorzysta&#263; z link&oacute;w, aby odwiedzi&#263; strony zewn&#281;trzne lub tre&#347;ci pochodz&#261;ce ze stron internetowych os&oacute;b trzecich, kt&oacute;re nie s&#261; w &#380;aden spos&oacute;b powi&#261;zane z KW_00001 . Chocia&#380; staramy si&#281; udost&#281;pnia&#263; wy&#322;&#261;cznie wysokiej jako&#347;ci linki do odpowiednich i etycznych witryn internetowych, nie mamy kontroli nad charakterem, tre&#347;ci&#261;, dok&#322;adno&#347;ci&#261;, adekwatno&#347;ci&#261;, niezawodno&#347;ci&#261;, wa&#380;no&#347;ci&#261; i dost&#281;pno&#347;ci&#261; tych witryn. W zwi&#261;zku z tym umieszczenie takich &#322;&#261;czy do innych stron internetowych w &#380;aden spos&oacute;b nie oznacza rekomendacji ani poparcia dla us&#322;ug lub produkt&oacute;w zawartych na tych stronach. Ponadto w&#322;a&#347;ciciele witryn i tre&#347;&#263; mog&#261; ulec zmianie bez powiadomienia i mo&#380;e to nast&#261;pi&#263;, zanim b&#281;dziemy mieli mo&#380;liwo&#347;&#263; usuni&#281;cia uszkodzonych lub szkodliwych link&oacute;w.<\/p>\n\n\n\n<h2 class=\"wp-block-heading\"><strong>Zastrze&#380;enie zawodowe<\/strong><\/h2>\n\n\n\n<p>KW_00001 nie zawiera fachowej porady. Informacje i zawarto&#347;&#263; tej witryny s&#322;u&#380;&#261; wy&#322;&#261;cznie celom informacyjnym i edukacyjnym i nie zast&#281;puj&#261; profesjonalnej porady.<\/p>\n\n\n\n<p>Zalecamy r&oacute;wnie&#380; skonsultowanie si&#281; z odpowiednimi specjalistami przed podj&#281;ciem jakichkolwiek dzia&#322;a&#324; w oparciu o takie informacje, poniewa&#380; wykorzystanie lub poleganie na jakichkolwiek takich informacjach zawartych w tej witrynie odbywa si&#281; wy&#322;&#261;cznie na w&#322;asne ryzyko.<\/p>\n\n\n\n<h2 class=\"wp-block-heading\"><strong>Zastrze&#380;enie dotycz&#261;ce partner&oacute;w<\/strong><\/h2>\n\n\n\n<p>Nasza strona internetowa mo&#380;e zawiera&#263; linki do stron partnerskich i mo&#380;emy otrzyma&#263; prowizj&#281; partnersk&#261; za wszelkie zakupy dokonane przez Ciebie w tych witrynach za pomoc&#261; takich link&oacute;w partnerskich.<\/p>\n\n\n\n<p>Pami&#281;taj, &#380;e w przypadku opuszczenia naszej witryny inne witryny mog&#261; mie&#263; odmienne zasady i warunki prywatno&#347;ci, na kt&oacute;re nie mamy wp&#322;ywu. KW_00001 nie monitoruje ani nie bada &#380;adnych transakcji pomi&#281;dzy Tob&#261; a jak&#261;kolwiek stron&#261; trzeci&#261;. Zalecamy sprawdzenie Polityki prywatno&#347;ci tych witryn oraz ich Warunk&oacute;w przed przes&#322;aniem jakichkolwiek tre&#347;ci lub przyst&#261;pieniem do jakiejkolwiek dzia&#322;alno&#347;ci lub transakcji.<\/p>\n\n\n\n<h2 class=\"wp-block-heading\"><strong>Zastrze&#380;enie dotycz&#261;ce zezna&#324;<\/strong><\/h2>\n\n\n\n<p>KW_00001 mo&#380;e zawiera&#263; referencje u&#380;ytkownik&oacute;w us&#322;ug lub produkt&oacute;w odzwierciedlaj&#261;ce do&#347;wiadczenia i opinie tych u&#380;ytkownik&oacute;w. Jednak&#380;e takie do&#347;wiadczenia, opinie i przemy&#347;lenia s&#261; osobiste dla takich u&#380;ytkownik&oacute;w i niekoniecznie reprezentuj&#261; wszystkich innych u&#380;ytkownik&oacute;w naszych us&#322;ug lub produkt&oacute;w. Referencje s&#261; wy&#347;wietlane dos&#322;ownie, z wyj&#261;tkiem b&#322;&#281;d&oacute;w gramatycznych i pisarskich oraz d&#322;ugich i zb&#281;dnych informacji. Nale&#380;y pami&#281;ta&#263;, &#380;e pogl&#261;dy lub opinie zawarte w takich referencjach nale&#380;&#261; do u&#380;ytkownika i nie reprezentuj&#261; pogl&#261;d&oacute;w KW_00001 . W rezultacie referencje nie powinny by&#263; interpretowane jako reprezentuj&#261;ce adekwatno&#347;&#263;, niezawodno&#347;&#263;, wa&#380;no&#347;&#263; i dost&#281;pno&#347;&#263; takich us&#322;ug lub produkt&oacute;w.<\/p>\n\n\n\n<h2 class=\"wp-block-heading\"><strong>Zmiany i poprawki<\/strong><\/h2>\n\n\n\n<p>Zastrzegamy sobie wy&#322;&#261;czne prawo do zmiany lub modyfikacji niniejszej polityki i jej warunk&oacute;w w dowolnym momencie poprzez opublikowanie zaktualizowanej wersji na <a href=\"https:\/\/500tradeintal.app\/pl\/\">https:\/\/500tradeintal.app\/<\/a> . W przypadku aktualizacji, zmiany lub modyfikacji niniejszego dokumentu powiadomienie o tych zmianach zostanie niezw&#322;ocznie opublikowane na tej stronie. Dalsze korzystanie z tej witryny i jej us&#322;ug po wprowadzeniu takich zmian b&#281;dzie interpretowane jako wyra&#380;enie zgody na takie zmiany. Zalecamy jednak cz&#281;ste odwiedzanie tej strony, aby mie&#263; pewno&#347;&#263;, &#380;e jeste&#347; na bie&#380;&#261;co z najnowszymi zmianami.<\/p>\n\n\n\n<h2 class=\"wp-block-heading\"><strong>Zgoda<\/strong><\/h2>\n\n\n\n<p>Kontynuuj&#261;c korzystanie z tej witryny, potwierdzasz, &#380;e przeczyta&#322;e&#347; w ca&#322;o&#347;ci niniejsze zastrze&#380;enie i niniejszym wyra&#380;asz zgod&#281; na to zastrze&#380;enie i zgadzasz si&#281; na wszystkie jego warunki. Je&#347;li nie zgadzasz si&#281; na warunki niniejszego zastrze&#380;enia, nie mo&#380;esz w dalszym ci&#261;gu korzysta&#263; z tej witryny i jej us&#322;ug ani uzyskiwa&#263; do nich dost&#281;pu.<\/p>\n\n\n\n<h2 class=\"wp-block-heading\"><strong>Skontaktuj si&#281; z nami<\/strong><\/h2>\n\n\n\n<p>Je&#347;li potrzebujesz informacji lub masz pytania dotycz&#261;ce zastrze&#380;enia tej witryny, skontaktuj si&#281; z nami, wysy&#322;aj&#261;c e-mail na <a href=\"mailto:info@500tradeintal.app\">info@500tradeintal.app<\/a> .<\/p>\n\n<\/div>\n<\/div>\n","protected":false},"excerpt":{"rendered":"<p>Ostatnia aktualizacja: 31 maja 2023 r Dzi&#281;kujemy za odwiedzenie KW_00001 . Niniejsze wy&#322;&#261;czenie odpowiedzialno&#347;ci (&bdquo;Zastrze&#380;enie&rdquo;) stanowi prawnie wi&#261;&#380;&#261;c&#261; umow&#281; pomi&#281;dzy Tob&#261; (&bdquo;u&#380;ytkownik&rdquo;, &bdquo;go&#347;&#263;&rdquo;, &bdquo;Ty&rdquo; lub &bdquo;Tw&oacute;j&rdquo;) a t&#261; witryn&#261; (&bdquo;my&rdquo;, &bdquo;nasz&rdquo; lub &bdquo;nas&rdquo;). Okre&#347;la og&oacute;lne wytyczne, ujawnienia i warunki korzystania z tej https:\/\/500tradeintal.app\/ strony internetowej (&bdquo;strona internetowa&rdquo;, &bdquo;us&#322;ugi&rdquo;, &bdquo;produkty&rdquo;, &bdquo;informacje&rdquo; lub &bdquo;tre&#347;&#263;&rdquo;) obs&#322;ugiwanej przez https:\/\/500tradeintal.app\/ &#8230; <a title=\"Zastrze\u017cenie\" class=\"read-more\" href=\"https:\/\/500tradeintal.app\/pl\/oswiadczenie\/\" aria-label=\"Dowiedz si\u0119 wi\u0119cej o Zastrze\u017cenie\">Dowiedz si\u0119 wi\u0119cej<\/a><\/p>\n","protected":false},"author":4,"featured_media":0,"parent":0,"menu_order":0,"comment_status":"closed","ping_status":"closed","template":"","meta":{"footnotes":""},"class_list":["post-2024","page","type-page","status-publish"],"_links":{"self":[{"href":"https:\/\/500tradeintal.app\/pl\/wp-json\/wp\/v2\/pages\/2024","targetHints":{"allow":["GET"]}}],"collection":[{"href":"https:\/\/500tradeintal.app\/pl\/wp-json\/wp\/v2\/pages"}],"about":[{"href":"https:\/\/500tradeintal.app\/pl\/wp-json\/wp\/v2\/types\/page"}],"author":[{"embeddable":true,"href":"https:\/\/500tradeintal.app\/pl\/wp-json\/wp\/v2\/users\/4"}],"replies":[{"embeddable":true,"href":"https:\/\/500tradeintal.app\/pl\/wp-json\/wp\/v2\/comments?post=2024"}],"version-history":[{"count":2,"href":"https:\/\/500tradeintal.app\/pl\/wp-json\/wp\/v2\/pages\/2024\/revisions"}],"predecessor-version":[{"id":10709,"href":"https:\/\/500tradeintal.app\/pl\/wp-json\/wp\/v2\/pages\/2024\/revisions\/10709"}],"wp:attachment":[{"href":"https:\/\/500tradeintal.app\/pl\/wp-json\/wp\/v2\/media?parent=2024"}],"curies":[{"name":"wp","href":"https:\/\/api.w.org\/{rel}","templated":true}]}}