{"id":2040,"date":"2023-05-30T07:20:10","date_gmt":"2023-05-30T07:20:10","guid":{"rendered":"https:\/\/500tradeintal.app\/zrieknutie-sa-zodpovednosti\/"},"modified":"2024-05-10T08:15:00","modified_gmt":"2024-05-10T08:15:00","slug":"zrieknutie-sa-zodpovednosti","status":"publish","type":"page","link":"https:\/\/500tradeintal.app\/sk\/zrieknutie-sa-zodpovednosti\/","title":{"rendered":"Vyl\u00fa\u010denie zodpovednosti"},"content":{"rendered":"<?xml encoding=\"UTF-8\"><div class=\"gb-container gb-container-fcc97f62\">\n<div class=\"gb-container gb-container-272e038d\">\n\n<p>Posledn&aacute; aktualiz&aacute;cia: 31. m&aacute;ja 2023<\/p>\n\n\n\n<p>&#270;akujeme za n&aacute;v&scaron;tevu KW_00001 .<\/p>\n\n\n\n<p>Toto vyl&uacute;&#269;enie zodpovednosti (&bdquo;Vyhl&aacute;senie&ldquo;) je pr&aacute;vne z&aacute;v&auml;zn&aacute; dohoda medzi vami (&bdquo;pou&#382;&iacute;vate&#318;&ldquo;, &bdquo;n&aacute;v&scaron;tevn&iacute;k&ldquo;, &bdquo;vy&ldquo; alebo &bdquo;va&scaron;a&ldquo;) a touto webovou str&aacute;nkou (&bdquo;my&ldquo;, &bdquo;n&aacute;&scaron;&ldquo; alebo &bdquo;n&aacute;s&ldquo;). Stanovuje v&scaron;eobecn&eacute; pokyny, spr&iacute;stupnenia inform&aacute;ci&iacute; a podmienky v&aacute;&scaron;ho pou&#382;&iacute;vania tejto <a href=\"https:\/\/500tradeintal.app\/sk\/\">https:\/\/500tradeintal.app\/<\/a> webovej lokality (&bdquo;webov&aacute; str&aacute;nka&ldquo;, &bdquo;slu&#382;by&ldquo;, &bdquo;produkty&ldquo;, &bdquo;inform&aacute;cie&ldquo; alebo &bdquo;obsah&ldquo;) prev&aacute;dzkovanej spolo&#269;nos&#357;ou <a href=\"https:\/\/500tradeintal.app\/sk\/\">https:\/\/500tradeintal.app\/<\/a> .<\/p>\n\n\n\n<p>Pred pokra&#269;ovan&iacute;m v pou&#382;&iacute;van&iacute; tejto webovej str&aacute;nky si pozorne pre&#269;&iacute;tajte toto vyhl&aacute;senie. Nevstupujte na str&aacute;nku a nepou&#382;&iacute;vajte ju, ak nes&uacute;hlas&iacute;te s podmienkami tohto vyl&uacute;&#269;enia zodpovednosti. Pou&#382;&iacute;van&iacute;m tejto webovej str&aacute;nky alebo jej slu&#382;ieb potvrdzujete, &#382;e ste si d&ocirc;kladne pre&#269;&iacute;tali a tie&#382; rozumiete podmienkam tohto vyl&uacute;&#269;enia zodpovednosti a t&yacute;mto s&uacute;hlas&iacute;te s t&yacute;m, &#382;e ste ich viazan&iacute;.<\/p>\n\n\n\n<p>Inform&aacute;cie alebo obsah zobrazen&yacute; na tejto webovej str&aacute;nke je du&scaron;evn&yacute;m vlastn&iacute;ctvom KW_00001 . Bez n&aacute;&scaron;ho s&uacute;hlasu nesmiete tak&eacute;to inform&aacute;cie alebo obsah op&auml;tovne pou&#382;i&#357;, zverejni&#357; ani vytla&#269;i&#357;.<\/p>\n\n\n\n<p>V&scaron;etky inform&aacute;cie alebo obsah na tejto webovej str&aacute;nke s&uacute; zverejnen&eacute; v dobrej viere a v&yacute;lu&#269;ne na v&scaron;eobecn&eacute; informa&#269;n&eacute; a vzdel&aacute;vacie &uacute;&#269;ely. V &#382;iadnom pr&iacute;pade nie s&uacute; ur&#269;en&eacute; ako n&aacute;hrada za odborn&eacute; poradenstvo. Na&scaron;a webov&aacute; str&aacute;nka je poskytovan&aacute; &bdquo;tak ako je&ldquo; a KW_00001 neposkytuje &#382;iadne vyhl&aacute;senia ani z&aacute;ruky ak&eacute;hoko&#318;vek druhu alebo v akejko&#318;vek forme, &#269;i u&#382; v&yacute;slovnej alebo implicitnej, o &uacute;plnosti, v&#269;asnosti, spo&#318;ahlivosti, dostupnosti, platnosti, vhodnosti a presnosti, alebo zaru&#269;uje, &#382;e ned&ocirc;jde k &#382;iadnym strat&aacute;m, chyb&aacute;m a vynechaniu inform&aacute;ci&iacute; alebo obsahu obsiahnut&yacute;ch na tejto webovej str&aacute;nke. Ak&eacute;ko&#318;vek kroky podniknut&eacute; na z&aacute;klade tak&yacute;chto inform&aacute;ci&iacute; alebo obsahu poskytnut&eacute;ho na tejto webovej lokalite <a href=\"https:\/\/500tradeintal.app\/sk\/\">https:\/\/500tradeintal.app\/<\/a> s&uacute; v&yacute;lu&#269;ne na va&scaron;e vlastn&eacute; riziko.<\/p>\n\n\n\n<p>V d&ocirc;sledku toho KW_00001 , jej partneri, zamestnanci alebo z&aacute;stupcovia nenes&uacute; zodpovednos&#357; za &#382;iadne vzniknut&eacute; straty alebo &scaron;kody v d&ocirc;sledku pou&#382;&iacute;vania na&scaron;ej webovej lokality, spoliehania sa na &#328;u a odkazovania na &#328;u, vr&aacute;tane, bez obmedzenia, ak&yacute;chko&#318;vek &scaron;peci&aacute;lnych alebo n&aacute;hodn&yacute;ch, priamu alebo nepriamu, trestn&uacute; alebo n&aacute;sledn&uacute; stratu alebo &scaron;kodu ak&eacute;hoko&#318;vek druhu.<\/p>\n\n\n\n<p>V KW_00001 rob&iacute;me v&scaron;etko pre to, aby webov&aacute; str&aacute;nka fungovala hladko. Nenesieme v&scaron;ak &#382;iadnu pr&aacute;vnu zodpovednos&#357; a nenesieme &#382;iadnu zodpovednos&#357;, ak je webov&aacute; str&aacute;nka do&#269;asne nedostupn&aacute; alebo nedostupn&aacute; z d&ocirc;vodu technick&yacute;ch por&uacute;ch, ktor&eacute; nem&ocirc;&#382;eme ovplyvni&#357;.<\/p>\n\n\n\n<h2 class=\"wp-block-heading\"><strong><strong>Extern&eacute; odkazy Vyl&uacute;&#269;enie zodpovednosti<\/strong><\/strong><\/h2>\n\n\n\n<p>Prostredn&iacute;ctvom na&scaron;ej webovej str&aacute;nky m&ocirc;&#382;ete pomocou odkazov nav&scaron;t&iacute;vi&#357; extern&eacute; webov&eacute; str&aacute;nky alebo obsah poch&aacute;dzaj&uacute;ci z webov&yacute;ch str&aacute;nok tret&iacute;ch str&aacute;n, ktor&eacute; nie s&uacute; &#382;iadnym sp&ocirc;sobom spojen&eacute; s KW_00001 . Aj ke&#271; sa sna&#382;&iacute;me poskytova&#357; iba kvalitn&eacute; odkazy na relevantn&eacute; a etick&eacute; webov&eacute; str&aacute;nky, nem&aacute;me &#382;iadnu kontrolu nad povahou, obsahom, presnos&#357;ou, primeranos&#357;ou, spo&#318;ahlivos&#357;ou, platnos&#357;ou a dostupnos&#357;ou t&yacute;chto str&aacute;nok. V s&uacute;lade s t&yacute;m zahrnutie tak&yacute;chto odkazov na in&eacute; webov&eacute; str&aacute;nky v &#382;iadnom pr&iacute;pade neznamen&aacute; odpor&uacute;&#269;anie alebo podporu slu&#382;ieb alebo produktov obsiahnut&yacute;ch na t&yacute;chto str&aacute;nkach. Vlastn&iacute;ci str&aacute;nok a obsah sa m&ocirc;&#382;u zmeni&#357; aj bez upozornenia a m&ocirc;&#382;u nasta&#357; sk&ocirc;r, ako budeme ma&#357; pr&iacute;le&#382;itos&#357; odstr&aacute;ni&#357; nefunk&#269;n&eacute; alebo &scaron;kodliv&eacute; odkazy.<\/p>\n\n\n\n<h2 class=\"wp-block-heading\"><strong>Profesion&aacute;lne vyl&uacute;&#269;enie zodpovednosti<\/strong><\/h2>\n\n\n\n<p>KW_00001 neobsahuje odborn&eacute; rady. Inform&aacute;cie a obsah tejto str&aacute;nky s&uacute; poskytovan&eacute; len na v&scaron;eobecn&eacute; informa&#269;n&eacute; a vzdel&aacute;vacie &uacute;&#269;ely a nenahr&aacute;dzaj&uacute; odborn&eacute; poradenstvo.<\/p>\n\n\n\n<p>Odpor&uacute;&#269;ame, aby ste sa tie&#382; poradili s pr&iacute;slu&scaron;n&yacute;mi odborn&iacute;kmi predt&yacute;m, ako podniknete ak&eacute;ko&#318;vek kroky zalo&#382;en&eacute; na tak&yacute;chto inform&aacute;ci&aacute;ch, preto&#382;e pou&#382;&iacute;vanie alebo spoliehanie sa na ak&eacute;ko&#318;vek tak&eacute;to inform&aacute;cie uveden&eacute; na tejto str&aacute;nke je v&yacute;lu&#269;ne na va&scaron;e vlastn&eacute; riziko.<\/p>\n\n\n\n<h2 class=\"wp-block-heading\"><strong>Vyhl&aacute;senie pridru&#382;en&yacute;ch spolo&#269;nost&iacute;<\/strong><\/h2>\n\n\n\n<p>Na&scaron;a webov&aacute; str&aacute;nka m&ocirc;&#382;e obsahova&#357; odkazy na pridru&#382;en&eacute; str&aacute;nky a m&ocirc;&#382;eme dost&aacute;va&#357; pridru&#382;en&eacute; prov&iacute;zie za ak&eacute;ko&#318;vek n&aacute;kupy, ktor&eacute; uskuto&#269;n&iacute;te na t&yacute;chto str&aacute;nkach pomocou tak&yacute;chto pridru&#382;en&yacute;ch odkazov.<\/p>\n\n\n\n<p>Pros&iacute;m, uvedomte si, &#382;e in&eacute; str&aacute;nky m&ocirc;&#382;u ma&#357; odli&scaron;n&eacute; z&aacute;sady ochrany osobn&yacute;ch &uacute;dajov a podmienky, ktor&eacute; s&uacute; mimo na&scaron;ej kontroly, ke&#271; opust&iacute;te na&scaron;u str&aacute;nku. KW_00001 nemonitoruje ani nevy&scaron;etruje &#382;iadnu transakciu medzi vami a &#382;iadnou takouto tre&#357;ou stranou. Pred odovzdan&iacute;m ak&eacute;hoko&#318;vek obsahu alebo zapojen&iacute;m sa do ak&eacute;hoko&#318;vek obchodu alebo transakcie v&aacute;m odpor&uacute;&#269;ame skontrolova&#357; Z&aacute;sady ochrany osobn&yacute;ch &uacute;dajov t&yacute;chto str&aacute;nok a ich Zmluvn&eacute; podmienky.<\/p>\n\n\n\n<h2 class=\"wp-block-heading\"><strong>Vyhl&aacute;senie o vyl&uacute;&#269;en&iacute; zodpovednosti<\/strong><\/h2>\n\n\n\n<p>KW_00001 m&ocirc;&#382;e obsahova&#357; posudky pou&#382;&iacute;vate&#318;ov slu&#382;ieb alebo produktov, ktor&eacute; odr&aacute;&#382;aj&uacute; sk&uacute;senosti a n&aacute;zory t&yacute;chto pou&#382;&iacute;vate&#318;ov. Tak&eacute;to sk&uacute;senosti, n&aacute;zory a my&scaron;lienky s&uacute; v&scaron;ak pre tak&yacute;chto pou&#382;&iacute;vate&#318;ov osobn&eacute; a nemusia nevyhnutne predstavova&#357; v&scaron;etk&yacute;ch ostatn&yacute;ch pou&#382;&iacute;vate&#318;ov na&scaron;ich slu&#382;ieb alebo produktov. Posudky sa zobrazuj&uacute; doslovne s v&yacute;nimkou gramatick&yacute;ch a preklepov&yacute;ch ch&yacute;b a dlh&yacute;ch a nadbyto&#269;n&yacute;ch inform&aacute;ci&iacute;. Pros&iacute;m, uvedomte si, &#382;e n&aacute;zory alebo n&aacute;zory v tak&yacute;chto posudkoch patria pou&#382;&iacute;vate&#318;ovi a nereprezentuj&uacute; n&aacute;zory KW_00001 . V d&ocirc;sledku toho by sa posudky nemali vyklada&#357; ako vyjadrenie primeranosti, spo&#318;ahlivosti, platnosti a dostupnosti tak&yacute;chto slu&#382;ieb alebo produktov.<\/p>\n\n\n\n<h2 class=\"wp-block-heading\"><strong>Zmeny a doplnky<\/strong><\/h2>\n\n\n\n<p>Vyhradzujeme si v&yacute;hradn&eacute; pr&aacute;vo kedyko&#318;vek zmeni&#357; alebo upravi&#357; tieto z&aacute;sady a ich podmienky zverejnen&iacute;m aktualizovanej verzie na <a href=\"https:\/\/500tradeintal.app\/sk\/\">https:\/\/500tradeintal.app\/<\/a> . Ozn&aacute;menie o t&yacute;chto zmen&aacute;ch bude okam&#382;ite zverejnen&eacute; na tejto str&aacute;nke, ak tento dokument aktualizujeme, dopln&iacute;me alebo uprav&iacute;me. Pokra&#269;ovanie v pou&#382;&iacute;van&iacute; tejto webovej str&aacute;nky a jej slu&#382;ieb po ak&yacute;chko&#318;vek tak&yacute;chto zmen&aacute;ch sa bude pova&#382;ova&#357; za s&uacute;hlas s t&yacute;mito zmenami. Odpor&uacute;&#269;ame v&aacute;m v&scaron;ak &#269;asto nav&scaron;tevova&#357; t&uacute;to str&aacute;nku, aby ste sa uistili, &#382;e m&aacute;te aktu&aacute;lne inform&aacute;cie o najnov&scaron;&iacute;ch zmen&aacute;ch.<\/p>\n\n\n\n<h2 class=\"wp-block-heading\"><strong>S&uacute;hlas<\/strong><\/h2>\n\n\n\n<p>Pokra&#269;ovan&iacute;m v pou&#382;&iacute;van&iacute; tejto webovej str&aacute;nky potvrdzujete, &#382;e ste si pre&#269;&iacute;tali toto vyhl&aacute;senie v celom rozsahu a s&uacute;hlas&iacute;te s t&yacute;mto vyhl&aacute;sen&iacute;m a s&uacute;hlas&iacute;te so v&scaron;etk&yacute;mi jeho podmienkami. Ak nes&uacute;hlas&iacute;te s t&yacute;m, &#382;e budete viazan&iacute; podmienkami tohto vyl&uacute;&#269;enia zodpovednosti, nebudete m&ocirc;c&#357; t&uacute;to str&aacute;nku a jej slu&#382;by na&#271;alej pou&#382;&iacute;va&#357; ani k nim pristupova&#357;.<\/p>\n\n\n\n<h2 class=\"wp-block-heading\"><strong>Kontaktuj n&aacute;s<\/strong><\/h2>\n\n\n\n<p>Ak potrebujete ak&eacute;ko&#318;vek inform&aacute;cie alebo m&aacute;te ot&aacute;zky t&yacute;kaj&uacute;ce sa vyl&uacute;&#269;enia zodpovednosti tejto str&aacute;nky, nev&aacute;hajte n&aacute;s kontaktova&#357; e-mailom na <a href=\"mailto:info@500tradeintal.app\">info@500tradeintal.app<\/a> .<\/p>\n\n<\/div>\n<\/div>\n","protected":false},"excerpt":{"rendered":"<p>Posledn&aacute; aktualiz&aacute;cia: 31. m&aacute;ja 2023 &#270;akujeme za n&aacute;v&scaron;tevu KW_00001 . Toto vyl&uacute;&#269;enie zodpovednosti (&bdquo;Vyhl&aacute;senie&ldquo;) je pr&aacute;vne z&aacute;v&auml;zn&aacute; dohoda medzi vami (&bdquo;pou&#382;&iacute;vate&#318;&ldquo;, &bdquo;n&aacute;v&scaron;tevn&iacute;k&ldquo;, &bdquo;vy&ldquo; alebo &bdquo;va&scaron;a&ldquo;) a touto webovou str&aacute;nkou (&bdquo;my&ldquo;, &bdquo;n&aacute;&scaron;&ldquo; alebo &bdquo;n&aacute;s&ldquo;). Stanovuje v&scaron;eobecn&eacute; pokyny, spr&iacute;stupnenia inform&aacute;ci&iacute; a podmienky v&aacute;&scaron;ho pou&#382;&iacute;vania tejto https:\/\/500tradeintal.app\/ webovej lokality (&bdquo;webov&aacute; str&aacute;nka&ldquo;, &bdquo;slu&#382;by&ldquo;, &bdquo;produkty&ldquo;, &bdquo;inform&aacute;cie&ldquo; alebo &bdquo;obsah&ldquo;) prev&aacute;dzkovanej spolo&#269;nos&#357;ou &#8230; <a title=\"Vyl\u00fa\u010denie zodpovednosti\" class=\"read-more\" href=\"https:\/\/500tradeintal.app\/sk\/zrieknutie-sa-zodpovednosti\/\" aria-label=\"Pre\u010d\u00edtajte si viac o Vyl\u00fa\u010denie zodpovednosti\">\u010c\u00edta\u0165 viac<\/a><\/p>\n","protected":false},"author":4,"featured_media":0,"parent":0,"menu_order":0,"comment_status":"closed","ping_status":"closed","template":"","meta":{"footnotes":""},"class_list":["post-2040","page","type-page","status-publish"],"_links":{"self":[{"href":"https:\/\/500tradeintal.app\/sk\/wp-json\/wp\/v2\/pages\/2040","targetHints":{"allow":["GET"]}}],"collection":[{"href":"https:\/\/500tradeintal.app\/sk\/wp-json\/wp\/v2\/pages"}],"about":[{"href":"https:\/\/500tradeintal.app\/sk\/wp-json\/wp\/v2\/types\/page"}],"author":[{"embeddable":true,"href":"https:\/\/500tradeintal.app\/sk\/wp-json\/wp\/v2\/users\/4"}],"replies":[{"embeddable":true,"href":"https:\/\/500tradeintal.app\/sk\/wp-json\/wp\/v2\/comments?post=2040"}],"version-history":[{"count":2,"href":"https:\/\/500tradeintal.app\/sk\/wp-json\/wp\/v2\/pages\/2040\/revisions"}],"predecessor-version":[{"id":10700,"href":"https:\/\/500tradeintal.app\/sk\/wp-json\/wp\/v2\/pages\/2040\/revisions\/10700"}],"wp:attachment":[{"href":"https:\/\/500tradeintal.app\/sk\/wp-json\/wp\/v2\/media?parent=2040"}],"curies":[{"name":"wp","href":"https:\/\/api.w.org\/{rel}","templated":true}]}}